{"id":10789,"date":"2024-05-04T06:32:59","date_gmt":"2024-05-04T06:32:59","guid":{"rendered":"https:\/\/faulknerwine.com\/jf-signature\/"},"modified":"2025-06-11T12:22:48","modified_gmt":"2025-06-11T12:22:48","slug":"jf-signature","status":"publish","type":"page","link":"https:\/\/faulknerwine.com\/fr\/jf-signature\/","title":{"rendered":"jf-signature"},"content":{"rendered":"\t\t<div data-elementor-type=\"wp-page\" data-elementor-id=\"10789\" class=\"elementor elementor-10789 elementor-10718\" data-elementor-settings=\"{&quot;ha_cmc_init_switcher&quot;:&quot;no&quot;}\" data-elementor-post-type=\"page\">\n\t\t\t\t\t\t<section class=\"elementor-section elementor-top-section elementor-element elementor-element-3479a3b elementor-section-height-min-height elementor-section-items-bottom elementor-section-boxed elementor-section-height-default\" data-id=\"3479a3b\" data-element_type=\"section\" data-e-type=\"section\" data-settings=\"{&quot;background_background&quot;:&quot;video&quot;,&quot;background_video_link&quot;:&quot;https:\\\/\\\/faulknerwine.com\\\/wp-content\\\/uploads\\\/2021\\\/12\\\/estate-video.mp4&quot;,&quot;background_video_start&quot;:3,&quot;background_play_on_mobile&quot;:&quot;yes&quot;,&quot;_ha_eqh_enable&quot;:false}\">\n\t\t\t\t\t\t\t\t<div class=\"elementor-background-video-container\">\n\t\t\t\t\t\t\t\t\t\t\t\t\t<video class=\"elementor-background-video-hosted\" role=\"presentation\" autoplay muted playsinline loop><\/video>\n\t\t\t\t\t\t\t\t\t\t\t<\/div>\n\t\t\t\t\t\t\t\t<div class=\"elementor-container elementor-column-gap-default\">\n\t\t\t\t\t<div class=\"elementor-column elementor-col-100 elementor-top-column elementor-element elementor-element-0040341\" data-id=\"0040341\" data-element_type=\"column\" data-e-type=\"column\">\n\t\t\t<div class=\"elementor-widget-wrap\">\n\t\t\t\t\t\t\t<\/div>\n\t\t<\/div>\n\t\t\t\t\t<\/div>\n\t\t<\/section>\n\t\t\t\t<section class=\"elementor-section elementor-top-section elementor-element elementor-element-da3adbc animated-slow elementor-section-boxed elementor-section-height-default elementor-section-height-default elementor-invisible\" data-id=\"da3adbc\" data-element_type=\"section\" data-e-type=\"section\" data-settings=\"{&quot;background_background&quot;:&quot;classic&quot;,&quot;animation&quot;:&quot;fadeIn&quot;,&quot;_ha_eqh_enable&quot;:false}\">\n\t\t\t\t\t\t<div class=\"elementor-container elementor-column-gap-default\">\n\t\t\t\t\t<div class=\"elementor-column elementor-col-100 elementor-top-column elementor-element elementor-element-f811763\" data-id=\"f811763\" data-element_type=\"column\" data-e-type=\"column\">\n\t\t\t<div class=\"elementor-widget-wrap elementor-element-populated\">\n\t\t\t\t\t\t<section class=\"elementor-section elementor-inner-section elementor-element elementor-element-d75c8be elementor-section-boxed elementor-section-height-default elementor-section-height-default\" data-id=\"d75c8be\" data-element_type=\"section\" data-e-type=\"section\" data-settings=\"{&quot;_ha_eqh_enable&quot;:false}\">\n\t\t\t\t\t\t<div class=\"elementor-container elementor-column-gap-default\">\n\t\t\t\t\t<div class=\"elementor-column elementor-col-100 elementor-inner-column elementor-element elementor-element-fd1a91a\" data-id=\"fd1a91a\" data-element_type=\"column\" data-e-type=\"column\">\n\t\t\t<div class=\"elementor-widget-wrap elementor-element-populated\">\n\t\t\t\t\t\t<div class=\"elementor-element elementor-element-0b518d2 elementor-widget elementor-widget-spacer\" data-id=\"0b518d2\" data-element_type=\"widget\" data-e-type=\"widget\" data-widget_type=\"spacer.default\">\n\t\t\t\t<div class=\"elementor-widget-container\">\n\t\t\t\t\t\t\t<div class=\"elementor-spacer\">\n\t\t\t<div class=\"elementor-spacer-inner\"><\/div>\n\t\t<\/div>\n\t\t\t\t\t\t<\/div>\n\t\t\t\t<\/div>\n\t\t\t\t<div class=\"elementor-element elementor-element-aee0bb1 animated-slow elementor-invisible elementor-widget elementor-widget-image\" data-id=\"aee0bb1\" data-element_type=\"widget\" data-e-type=\"widget\" data-settings=\"{&quot;_animation&quot;:&quot;fadeInUp&quot;}\" data-widget_type=\"image.default\">\n\t\t\t\t<div class=\"elementor-widget-container\">\n\t\t\t\t\t\t\t\t\t\t\t\t\t\t\t<img fetchpriority=\"high\" decoding=\"async\" width=\"800\" height=\"333\" src=\"https:\/\/faulknerwine.com\/wp-content\/uploads\/2024\/05\/logo-Faulkner-1024x426.png\" class=\"attachment-large size-large wp-image-10726\" alt=\"Vignoble de Provence\" srcset=\"https:\/\/faulknerwine.com\/wp-content\/uploads\/2024\/05\/logo-Faulkner-1024x426.png 1024w, https:\/\/faulknerwine.com\/wp-content\/uploads\/2024\/05\/logo-Faulkner-300x125.png 300w, https:\/\/faulknerwine.com\/wp-content\/uploads\/2024\/05\/logo-Faulkner-768x319.png 768w, https:\/\/faulknerwine.com\/wp-content\/uploads\/2024\/05\/logo-Faulkner-1536x639.png 1536w, https:\/\/faulknerwine.com\/wp-content\/uploads\/2024\/05\/logo-Faulkner-600x250.png 600w, https:\/\/faulknerwine.com\/wp-content\/uploads\/2024\/05\/logo-Faulkner.png 1762w\" sizes=\"(max-width: 800px) 100vw, 800px\" \/>\t\t\t\t\t\t\t\t\t\t\t\t\t\t\t<\/div>\n\t\t\t\t<\/div>\n\t\t\t\t\t<\/div>\n\t\t<\/div>\n\t\t\t\t\t<\/div>\n\t\t<\/section>\n\t\t\t\t\t<\/div>\n\t\t<\/div>\n\t\t\t\t\t<\/div>\n\t\t<\/section>\n\t\t\t\t<section class=\"elementor-section elementor-top-section elementor-element elementor-element-68c2b61 animated-slow elementor-reverse-mobile elementor-section-boxed elementor-section-height-default elementor-section-height-default elementor-invisible\" data-id=\"68c2b61\" data-element_type=\"section\" data-e-type=\"section\" data-settings=\"{&quot;background_background&quot;:&quot;classic&quot;,&quot;animation&quot;:&quot;fadeIn&quot;,&quot;_ha_eqh_enable&quot;:false}\">\n\t\t\t\t\t\t<div class=\"elementor-container elementor-column-gap-default\">\n\t\t\t\t\t<div class=\"elementor-column elementor-col-50 elementor-top-column elementor-element elementor-element-cd1f962\" data-id=\"cd1f962\" data-element_type=\"column\" data-e-type=\"column\">\n\t\t\t<div class=\"elementor-widget-wrap elementor-element-populated\">\n\t\t\t\t\t\t<div class=\"elementor-element elementor-element-55261de animated-slow elementor-invisible elementor-widget elementor-widget-text-editor\" data-id=\"55261de\" data-element_type=\"widget\" data-e-type=\"widget\" data-settings=\"{&quot;_animation&quot;:&quot;fadeIn&quot;,&quot;_animation_delay&quot;:400}\" data-widget_type=\"text-editor.default\">\n\t\t\t\t<div class=\"elementor-widget-container\">\n\t\t\t\t\t\t\t\t\t<p>Julian Faulkner s&rsquo;est fait le champion des ros\u00e9s de garde s\u00e9rieux depuis qu&rsquo;il a lanc\u00e9 sa cuv\u00e9e Nectar en 2001, rebaptis\u00e9e Aurelia (son premier-n\u00e9) en 2015, toutes deux sous Le Grand Cros, l&rsquo;\u00e9tiquette de son domaine.\u00a0 Julian a lanc\u00e9 sa marque Jules pour proposer des vins de qualit\u00e9 \u00e0 des prix abordables, convaincu que les vins bon march\u00e9 ne doivent pas n\u00e9cessairement \u00eatre des vins ennuyeux. Le projet JF s&rsquo;inspire de ces deux convictions. Il s&rsquo;agit d&rsquo;un ros\u00e9 de garde s\u00e9rieux issu de parcelles s\u00e9lectionn\u00e9es dans les vignobles du Grand Cros. Cependant, il souhaitait atteindre un niveau de prix plus accessible. Certains processus ont \u00e9t\u00e9 modifi\u00e9s pour r\u00e9duire les co\u00fbts.<\/p>\t\t\t\t\t\t\t\t<\/div>\n\t\t\t\t<\/div>\n\t\t\t\t\t<\/div>\n\t\t<\/div>\n\t\t\t\t<div class=\"elementor-column elementor-col-50 elementor-top-column elementor-element elementor-element-f8771ac\" data-id=\"f8771ac\" data-element_type=\"column\" data-e-type=\"column\">\n\t\t\t<div class=\"elementor-widget-wrap elementor-element-populated\">\n\t\t\t\t\t\t<section class=\"elementor-section elementor-inner-section elementor-element elementor-element-22436d1 elementor-section-boxed elementor-section-height-default elementor-section-height-default\" data-id=\"22436d1\" data-element_type=\"section\" data-e-type=\"section\" data-settings=\"{&quot;_ha_eqh_enable&quot;:false}\">\n\t\t\t\t\t\t<div class=\"elementor-container elementor-column-gap-default\">\n\t\t\t\t\t<div class=\"elementor-column elementor-col-100 elementor-inner-column elementor-element elementor-element-3ab165c\" data-id=\"3ab165c\" data-element_type=\"column\" data-e-type=\"column\">\n\t\t\t<div class=\"elementor-widget-wrap elementor-element-populated\">\n\t\t\t\t\t\t<div class=\"elementor-element elementor-element-7375073 animated-slow elementor-invisible elementor-widget elementor-widget-heading\" data-id=\"7375073\" data-element_type=\"widget\" data-e-type=\"widget\" data-settings=\"{&quot;_animation&quot;:&quot;fadeInUp&quot;}\" data-widget_type=\"heading.default\">\n\t\t\t\t<div class=\"elementor-widget-container\">\n\t\t\t\t\t<h3 class=\"elementor-heading-title elementor-size-default\">C\u00f4te de Provence<\/h3>\t\t\t\t<\/div>\n\t\t\t\t<\/div>\n\t\t\t\t<div class=\"elementor-element elementor-element-d64ffee animated-slow elementor-invisible elementor-widget elementor-widget-heading\" data-id=\"d64ffee\" data-element_type=\"widget\" data-e-type=\"widget\" data-settings=\"{&quot;_animation&quot;:&quot;fadeInUp&quot;}\" data-widget_type=\"heading.default\">\n\t\t\t\t<div class=\"elementor-widget-container\">\n\t\t\t\t\t<h3 class=\"elementor-heading-title elementor-size-default\">Ros\u00e9<\/h3>\t\t\t\t<\/div>\n\t\t\t\t<\/div>\n\t\t\t\t\t<\/div>\n\t\t<\/div>\n\t\t\t\t\t<\/div>\n\t\t<\/section>\n\t\t\t\t<section class=\"elementor-section elementor-inner-section elementor-element elementor-element-267e770 elementor-section-height-min-height animated-slow elementor-section-boxed elementor-section-height-default elementor-invisible\" data-id=\"267e770\" data-element_type=\"section\" data-e-type=\"section\" data-settings=\"{&quot;animation&quot;:&quot;fadeInRight&quot;,&quot;_ha_eqh_enable&quot;:false}\">\n\t\t\t\t\t\t<div class=\"elementor-container elementor-column-gap-default\">\n\t\t\t\t\t<div class=\"elementor-column elementor-col-100 elementor-inner-column elementor-element elementor-element-010b75e\" data-id=\"010b75e\" data-element_type=\"column\" data-e-type=\"column\" data-settings=\"{&quot;background_background&quot;:&quot;classic&quot;}\">\n\t\t\t<div class=\"elementor-widget-wrap elementor-element-populated\">\n\t\t\t\t\t\t<div class=\"elementor-element elementor-element-2666b00 elementor-widget elementor-widget-spacer\" data-id=\"2666b00\" data-element_type=\"widget\" data-e-type=\"widget\" data-widget_type=\"spacer.default\">\n\t\t\t\t<div class=\"elementor-widget-container\">\n\t\t\t\t\t\t\t<div class=\"elementor-spacer\">\n\t\t\t<div class=\"elementor-spacer-inner\"><\/div>\n\t\t<\/div>\n\t\t\t\t\t\t<\/div>\n\t\t\t\t<\/div>\n\t\t\t\t\t<\/div>\n\t\t<\/div>\n\t\t\t\t\t<\/div>\n\t\t<\/section>\n\t\t\t\t<div class=\"elementor-element elementor-element-4fe0b2d animated-slow elementor-invisible elementor-widget elementor-widget-image\" data-id=\"4fe0b2d\" data-element_type=\"widget\" data-e-type=\"widget\" data-settings=\"{&quot;_animation&quot;:&quot;fadeInUp&quot;,&quot;_animation_delay&quot;:500}\" data-widget_type=\"image.default\">\n\t\t\t\t<div class=\"elementor-widget-container\">\n\t\t\t\t\t\t\t\t\t\t\t\t\t\t\t<img decoding=\"async\" src=\"https:\/\/faulknerwine.com\/wp-content\/uploads\/elementor\/thumbs\/Signature-qnnkcutah3aor960cv34f8uhdezj93ofwf1z30ne2o.webp\" title=\"Signature\" alt=\"Vin ros\u00e9 de provence\" loading=\"lazy\" \/>\t\t\t\t\t\t\t\t\t\t\t\t\t\t\t<\/div>\n\t\t\t\t<\/div>\n\t\t\t\t\t<\/div>\n\t\t<\/div>\n\t\t\t\t\t<\/div>\n\t\t<\/section>\n\t\t\t\t<section class=\"elementor-section elementor-top-section elementor-element elementor-element-2699f74 elementor-section-boxed elementor-section-height-default elementor-section-height-default\" data-id=\"2699f74\" data-element_type=\"section\" data-e-type=\"section\" data-settings=\"{&quot;background_background&quot;:&quot;classic&quot;,&quot;_ha_eqh_enable&quot;:false}\">\n\t\t\t\t\t\t<div class=\"elementor-container elementor-column-gap-default\">\n\t\t\t\t\t<div class=\"elementor-column elementor-col-100 elementor-top-column elementor-element elementor-element-502d55b\" data-id=\"502d55b\" data-element_type=\"column\" data-e-type=\"column\">\n\t\t\t<div class=\"elementor-widget-wrap elementor-element-populated\">\n\t\t\t\t\t\t<div class=\"elementor-element elementor-element-d453776 elementor-widget elementor-widget-spacer\" data-id=\"d453776\" data-element_type=\"widget\" data-e-type=\"widget\" data-widget_type=\"spacer.default\">\n\t\t\t\t<div class=\"elementor-widget-container\">\n\t\t\t\t\t\t\t<div class=\"elementor-spacer\">\n\t\t\t<div class=\"elementor-spacer-inner\"><\/div>\n\t\t<\/div>\n\t\t\t\t\t\t<\/div>\n\t\t\t\t<\/div>\n\t\t\t\t<div class=\"elementor-element elementor-element-7542962 elementor-widget elementor-widget-heading\" data-id=\"7542962\" data-element_type=\"widget\" data-e-type=\"widget\" data-widget_type=\"heading.default\">\n\t\t\t\t<div class=\"elementor-widget-container\">\n\t\t\t\t\t<h2 class=\"elementor-heading-title elementor-size-default\">C\u00e9pages\n<\/h2>\t\t\t\t<\/div>\n\t\t\t\t<\/div>\n\t\t\t\t<div class=\"elementor-element elementor-element-25af9e3 elementor-widget elementor-widget-text-editor\" data-id=\"25af9e3\" data-element_type=\"widget\" data-e-type=\"widget\" data-widget_type=\"text-editor.default\">\n\t\t\t\t<div class=\"elementor-widget-container\">\n\t\t\t\t\t\t\t\t\t<p>47% grenache, 26% syrah, 13% cabernet, 6% s\u00e9millon, 5% rolle, 3% cinsault<\/p>\n\t\t\t\t\t\t\t\t<\/div>\n\t\t\t\t<\/div>\n\t\t\t\t\t<\/div>\n\t\t<\/div>\n\t\t\t\t\t<\/div>\n\t\t<\/section>\n\t\t\t\t<section class=\"elementor-section elementor-top-section elementor-element elementor-element-dfc8ad1 elementor-section-boxed elementor-section-height-default elementor-section-height-default\" data-id=\"dfc8ad1\" data-element_type=\"section\" data-e-type=\"section\" data-settings=\"{&quot;background_background&quot;:&quot;classic&quot;,&quot;_ha_eqh_enable&quot;:false}\">\n\t\t\t\t\t\t<div class=\"elementor-container elementor-column-gap-default\">\n\t\t\t\t\t<div class=\"elementor-column elementor-col-100 elementor-top-column elementor-element elementor-element-7a730a0\" data-id=\"7a730a0\" data-element_type=\"column\" data-e-type=\"column\">\n\t\t\t<div class=\"elementor-widget-wrap elementor-element-populated\">\n\t\t\t\t\t\t<div class=\"elementor-element elementor-element-a0731fe elementor-widget elementor-widget-heading\" data-id=\"a0731fe\" data-element_type=\"widget\" data-e-type=\"widget\" data-widget_type=\"heading.default\">\n\t\t\t\t<div class=\"elementor-widget-container\">\n\t\t\t\t\t<h2 class=\"elementor-heading-title elementor-size-default\">Agriculture\n<\/h2>\t\t\t\t<\/div>\n\t\t\t\t<\/div>\n\t\t\t\t<div class=\"elementor-element elementor-element-c3b980d elementor-widget elementor-widget-text-editor\" data-id=\"c3b980d\" data-element_type=\"widget\" data-e-type=\"widget\" data-widget_type=\"text-editor.default\">\n\t\t\t\t<div class=\"elementor-widget-container\">\n\t\t\t\t\t\t\t\t\t<p>Le Grand Cros est certifi\u00e9 HVE3 depuis 2018 (Terra Vitis depuis 2001) et nous cherchons chaque ann\u00e9e \u00e0 exp\u00e9rimenter et \u00e0 mettre en \u0153uvre des pistes de progr\u00e8s en termes d&rsquo;impact environnemental et de qualit\u00e9. Nos <strong>vignobles<\/strong> ne sont pas irrigu\u00e9s, c&rsquo;est pourquoi nous avons mis l&rsquo;accent sur l&rsquo;adaptation au changement climatique. Dans tous nos vignobles, nous avons des cultures de couverture permanentes qui sont serties lorsqu&rsquo;elles atteignent une certaine hauteur, cr\u00e9ant ainsi un tapis v\u00e9g\u00e9tal sec qui maintient le sol plus frais et ralentit l&rsquo;\u00e9vaporation de l&rsquo;eau du sol, entre autres <strong>avantages \u00e9cologiques<\/strong>.<\/p>\t\t\t\t\t\t\t\t<\/div>\n\t\t\t\t<\/div>\n\t\t\t\t\t<\/div>\n\t\t<\/div>\n\t\t\t\t\t<\/div>\n\t\t<\/section>\n\t\t\t\t<section class=\"elementor-section elementor-top-section elementor-element elementor-element-dd16fa7 elementor-section-boxed elementor-section-height-default elementor-section-height-default\" data-id=\"dd16fa7\" data-element_type=\"section\" data-e-type=\"section\" data-settings=\"{&quot;background_background&quot;:&quot;classic&quot;,&quot;_ha_eqh_enable&quot;:false}\">\n\t\t\t\t\t\t<div class=\"elementor-container elementor-column-gap-default\">\n\t\t\t\t\t<div class=\"elementor-column elementor-col-100 elementor-top-column elementor-element elementor-element-700b7b6\" data-id=\"700b7b6\" data-element_type=\"column\" data-e-type=\"column\">\n\t\t\t<div class=\"elementor-widget-wrap elementor-element-populated\">\n\t\t\t\t\t\t<div class=\"elementor-element elementor-element-a4d0901 elementor-widget elementor-widget-heading\" data-id=\"a4d0901\" data-element_type=\"widget\" data-e-type=\"widget\" data-widget_type=\"heading.default\">\n\t\t\t\t<div class=\"elementor-widget-container\">\n\t\t\t\t\t<h2 class=\"elementor-heading-title elementor-size-default\">Presse\n<\/h2>\t\t\t\t<\/div>\n\t\t\t\t<\/div>\n\t\t\t\t<div class=\"elementor-element elementor-element-debdf41 elementor-widget elementor-widget-text-editor\" data-id=\"debdf41\" data-element_type=\"widget\" data-e-type=\"widget\" data-widget_type=\"text-editor.default\">\n\t\t\t\t<div class=\"elementor-widget-container\">\n\t\t\t\t\t\t\t\t\t<p><strong>Tamlyn Currin JancisRobinson.com <\/strong><strong>&#8211; <\/strong><strong>17 <\/strong><\/p><p>\u201cLa premi\u00e8re chose que j&rsquo;ai remarqu\u00e9e \u00e0 propos de ce <strong>vin<\/strong>, c&rsquo;est sa texture. C&rsquo;est comme de la soie froiss\u00e9e. Il est sec, bien s\u00fbr, mais il semble qu&rsquo;il y ait une douceur parfum\u00e9e naissante comme la <strong>fleur de cerisier<\/strong>. Il a le go\u00fbt d&rsquo;une pomme Cox Pippin cueillie pr\u00e9cocement, avec des nuances terreuses et amand\u00e9es, un soup\u00e7on de poivre blanc, et une finale impertinemment croustillante. C&rsquo;est un ros\u00e9 r\u00e9fl\u00e9chi et complexe. Drink 2024-2027<\/p>\t\t\t\t\t\t\t\t<\/div>\n\t\t\t\t<\/div>\n\t\t\t\t\t<\/div>\n\t\t<\/div>\n\t\t\t\t\t<\/div>\n\t\t<\/section>\n\t\t\t\t<section class=\"elementor-section elementor-top-section elementor-element elementor-element-f16a4e0 elementor-section-boxed elementor-section-height-default elementor-section-height-default\" data-id=\"f16a4e0\" data-element_type=\"section\" data-e-type=\"section\" data-settings=\"{&quot;background_background&quot;:&quot;classic&quot;,&quot;_ha_eqh_enable&quot;:false}\">\n\t\t\t\t\t\t<div class=\"elementor-container elementor-column-gap-default\">\n\t\t\t\t\t<div class=\"elementor-column elementor-col-100 elementor-top-column elementor-element elementor-element-0ac479a\" data-id=\"0ac479a\" data-element_type=\"column\" data-e-type=\"column\">\n\t\t\t<div class=\"elementor-widget-wrap elementor-element-populated\">\n\t\t\t\t\t\t<div class=\"elementor-element elementor-element-c030807 elementor-widget elementor-widget-heading\" data-id=\"c030807\" data-element_type=\"widget\" data-e-type=\"widget\" data-widget_type=\"heading.default\">\n\t\t\t\t<div class=\"elementor-widget-container\">\n\t\t\t\t\t<h2 class=\"elementor-heading-title elementor-size-default\">Climat\n<\/h2>\t\t\t\t<\/div>\n\t\t\t\t<\/div>\n\t\t\t\t<div class=\"elementor-element elementor-element-0363ef9 elementor-widget elementor-widget-text-editor\" data-id=\"0363ef9\" data-element_type=\"widget\" data-e-type=\"widget\" data-widget_type=\"text-editor.default\">\n\t\t\t\t<div class=\"elementor-widget-container\">\n\t\t\t\t\t\t\t\t\t<p>L&rsquo;hiver 22\/23 a \u00e9t\u00e9 assez doux avec peu de pr\u00e9cipitations, mais un peu de pluie vers la fin a d\u00e9clench\u00e9 le cycle v\u00e9g\u00e9tatif \u00e0 un rythme soutenu. Malheureusement, le printemps s&rsquo;est av\u00e9r\u00e9 compliqu\u00e9, la succession des pluies et le manque de vent nous ont oblig\u00e9s \u00e0 \u00eatre vigilants et \u00e0 tout mettre en \u0153uvre pour sauver la r\u00e9colte 2023. Fin juin, une premi\u00e8re vague de chaleur nous a rappel\u00e9 que rien n&rsquo;est acquis. La v\u00e9g\u00e9tation a d\u00fb puiser dans ses r\u00e9serves tr\u00e8s t\u00f4t dans la saison estivale. Le mois de juillet a offert un peu de r\u00e9pit car il a fait moins chaud, mais \u00e0 la fin du mois, apr\u00e8s la v\u00e9raison, nous avons \u00e9t\u00e9 frapp\u00e9s par une deuxi\u00e8me vague de chaleur qui a mis nos <strong>vignobles<\/strong> \u00e0 rude \u00e9preuve. Heureusement, notre terroir, plus frais et plus tardif que la c\u00f4te et le centre du Var, a r\u00e9gul\u00e9 la maturation. Notre acidit\u00e9 n&rsquo;a pas \u00e9t\u00e9 br\u00fbl\u00e9e dans les <strong>raisins<\/strong> et nos niveaux de sucre sont rest\u00e9s proches de la moyenne. Apr\u00e8s d&rsquo;heureuses pr\u00e9cipitations localis\u00e9es, la maturation des parcelles de Cinsault a \u00e9t\u00e9 acc\u00e9l\u00e9r\u00e9e et celles-ci ont d\u00fb \u00eatre vendang\u00e9es l&rsquo;une apr\u00e8s l&rsquo;autre dans une courte fen\u00eatre intensive. Au final, malgr\u00e9 une sensation un peu moins acide due \u00e0 l&rsquo;absence d&rsquo;acide malique, il en r\u00e9sulte une fra\u00eecheur enrob\u00e9e d&rsquo;un charnu pr\u00e9serv\u00e9 \u00e0 la<strong> vigne<\/strong>. En effet, nous n&rsquo;avons pas subi d&rsquo;effet de concentration des acides et\/ou des ph\u00e9nols, ce qui nous a permis de conserver notre signature, tr\u00e8s fine, tout en dentelle et toujours avec une longueur et une finale tr\u00e8s l\u00e9g\u00e8re et l\u00e9g\u00e8rement juteuse.<\/p>\t\t\t\t\t\t\t\t<\/div>\n\t\t\t\t<\/div>\n\t\t\t\t\t<\/div>\n\t\t<\/div>\n\t\t\t\t\t<\/div>\n\t\t<\/section>\n\t\t\t\t<section class=\"elementor-section elementor-top-section elementor-element elementor-element-cd354bf elementor-section-boxed elementor-section-height-default elementor-section-height-default\" data-id=\"cd354bf\" data-element_type=\"section\" data-e-type=\"section\" data-settings=\"{&quot;background_background&quot;:&quot;classic&quot;,&quot;_ha_eqh_enable&quot;:false}\">\n\t\t\t\t\t\t<div class=\"elementor-container elementor-column-gap-default\">\n\t\t\t\t\t<div class=\"elementor-column elementor-col-100 elementor-top-column elementor-element elementor-element-7284531\" data-id=\"7284531\" data-element_type=\"column\" data-e-type=\"column\">\n\t\t\t<div class=\"elementor-widget-wrap elementor-element-populated\">\n\t\t\t\t\t\t<div class=\"elementor-element elementor-element-287a5f2 elementor-widget elementor-widget-heading\" data-id=\"287a5f2\" data-element_type=\"widget\" data-e-type=\"widget\" data-widget_type=\"heading.default\">\n\t\t\t\t<div class=\"elementor-widget-container\">\n\t\t\t\t\t<h2 class=\"elementor-heading-title elementor-size-default\">Notes de d\u00e9gustation\n<\/h2>\t\t\t\t<\/div>\n\t\t\t\t<\/div>\n\t\t\t\t<div class=\"elementor-element elementor-element-67d19c7 elementor-widget elementor-widget-text-editor\" data-id=\"67d19c7\" data-element_type=\"widget\" data-e-type=\"widget\" data-widget_type=\"text-editor.default\">\n\t\t\t\t<div class=\"elementor-widget-container\">\n\t\t\t\t\t\t\t\t\t<p>La robe est d&rsquo;un jaune clair lumineux avec de belles nuances argent\u00e9es. Le nez est d\u00e9licat et complexe avec des notes florales et de coing. En bouche, on retrouve cette complexit\u00e9 aromatique. Persistance sur le fruit, avec une belle amertume salivante. Bel \u00e9quilibre.<\/p>\n\t\t\t\t\t\t\t\t<\/div>\n\t\t\t\t<\/div>\n\t\t\t\t<div class=\"elementor-element elementor-element-38789d3 elementor-widget elementor-widget-spacer\" data-id=\"38789d3\" data-element_type=\"widget\" data-e-type=\"widget\" data-widget_type=\"spacer.default\">\n\t\t\t\t<div class=\"elementor-widget-container\">\n\t\t\t\t\t\t\t<div class=\"elementor-spacer\">\n\t\t\t<div class=\"elementor-spacer-inner\"><\/div>\n\t\t<\/div>\n\t\t\t\t\t\t<\/div>\n\t\t\t\t<\/div>\n\t\t\t\t\t<\/div>\n\t\t<\/div>\n\t\t\t\t\t<\/div>\n\t\t<\/section>\n\t\t\t\t<section class=\"elementor-section elementor-top-section elementor-element elementor-element-bfdc8a2 elementor-section-full_width elementor-section-height-min-height elementor-section-height-default elementor-section-items-middle\" data-id=\"bfdc8a2\" data-element_type=\"section\" data-e-type=\"section\" data-settings=\"{&quot;background_background&quot;:&quot;classic&quot;,&quot;_ha_eqh_enable&quot;:false}\">\n\t\t\t\t\t\t\t<div class=\"elementor-background-overlay\"><\/div>\n\t\t\t\t\t\t\t<div class=\"elementor-container elementor-column-gap-default\">\n\t\t\t\t\t<div class=\"elementor-column elementor-col-100 elementor-top-column elementor-element elementor-element-c6522c1\" data-id=\"c6522c1\" data-element_type=\"column\" data-e-type=\"column\">\n\t\t\t<div class=\"elementor-widget-wrap elementor-element-populated\">\n\t\t\t\t\t\t<div class=\"elementor-element elementor-element-1d7d296 elementor-widget elementor-widget-image\" data-id=\"1d7d296\" data-element_type=\"widget\" data-e-type=\"widget\" data-widget_type=\"image.default\">\n\t\t\t\t<div class=\"elementor-widget-container\">\n\t\t\t\t\t\t\t\t\t\t\t\t\t\t\t<img decoding=\"async\" width=\"800\" height=\"333\" src=\"https:\/\/faulknerwine.com\/wp-content\/uploads\/2024\/05\/logo-Faulkner-1-1024x426.webp\" class=\"attachment-large size-large wp-image-10876\" alt=\"Ros\u00e9 de Provence\" srcset=\"https:\/\/faulknerwine.com\/wp-content\/uploads\/2024\/05\/logo-Faulkner-1-1024x426.webp 1024w, https:\/\/faulknerwine.com\/wp-content\/uploads\/2024\/05\/logo-Faulkner-1-300x125.webp 300w, https:\/\/faulknerwine.com\/wp-content\/uploads\/2024\/05\/logo-Faulkner-1-768x320.webp 768w, https:\/\/faulknerwine.com\/wp-content\/uploads\/2024\/05\/logo-Faulkner-1-1536x639.webp 1536w, https:\/\/faulknerwine.com\/wp-content\/uploads\/2024\/05\/logo-Faulkner-1-2048x852.webp 2048w, https:\/\/faulknerwine.com\/wp-content\/uploads\/2024\/05\/logo-Faulkner-1-600x250.webp 600w\" sizes=\"(max-width: 800px) 100vw, 800px\" \/>\t\t\t\t\t\t\t\t\t\t\t\t\t\t\t<\/div>\n\t\t\t\t<\/div>\n\t\t\t\t\t<\/div>\n\t\t<\/div>\n\t\t\t\t\t<\/div>\n\t\t<\/section>\n\t\t\t\t<\/div>\n\t\t","protected":false},"excerpt":{"rendered":"<p>Julian Faulkner s&rsquo;est fait le champion des ros\u00e9s de garde s\u00e9rieux depuis qu&rsquo;il a lanc\u00e9 sa cuv\u00e9e Nectar en 2001, rebaptis\u00e9e Aurelia (son premier-n\u00e9) en 2015, toutes deux sous Le Grand Cros, l&rsquo;\u00e9tiquette de son domaine.\u00a0 Julian a lanc\u00e9 sa marque Jules pour proposer des vins de qualit\u00e9 \u00e0 des prix abordables, convaincu que les [&hellip;]<\/p>\n","protected":false},"author":26,"featured_media":10726,"parent":0,"menu_order":0,"comment_status":"closed","ping_status":"closed","template":"","meta":{"om_disable_all_campaigns":false,"footnotes":""},"class_list":["post-10789","page","type-page","status-publish","has-post-thumbnail","hentry"],"_links":{"self":[{"href":"https:\/\/faulknerwine.com\/fr\/wp-json\/wp\/v2\/pages\/10789","targetHints":{"allow":["GET"]}}],"collection":[{"href":"https:\/\/faulknerwine.com\/fr\/wp-json\/wp\/v2\/pages"}],"about":[{"href":"https:\/\/faulknerwine.com\/fr\/wp-json\/wp\/v2\/types\/page"}],"author":[{"embeddable":true,"href":"https:\/\/faulknerwine.com\/fr\/wp-json\/wp\/v2\/users\/26"}],"replies":[{"embeddable":true,"href":"https:\/\/faulknerwine.com\/fr\/wp-json\/wp\/v2\/comments?post=10789"}],"version-history":[{"count":0,"href":"https:\/\/faulknerwine.com\/fr\/wp-json\/wp\/v2\/pages\/10789\/revisions"}],"wp:featuredmedia":[{"embeddable":true,"href":"https:\/\/faulknerwine.com\/fr\/wp-json\/wp\/v2\/media\/10726"}],"wp:attachment":[{"href":"https:\/\/faulknerwine.com\/fr\/wp-json\/wp\/v2\/media?parent=10789"}],"curies":[{"name":"wp","href":"https:\/\/api.w.org\/{rel}","templated":true}]}}