{"id":11202,"date":"2025-06-09T07:31:27","date_gmt":"2025-06-09T07:31:27","guid":{"rendered":"https:\/\/faulknerwine.com\/raffle\/"},"modified":"2025-08-08T14:04:18","modified_gmt":"2025-08-08T14:04:18","slug":"raffle","status":"publish","type":"page","link":"https:\/\/faulknerwine.com\/fr\/raffle\/","title":{"rendered":"Loterie"},"content":{"rendered":"\t\t<div data-elementor-type=\"wp-page\" data-elementor-id=\"11202\" class=\"elementor elementor-11202 elementor-11135\" data-elementor-settings=\"{&quot;ha_cmc_init_switcher&quot;:&quot;no&quot;}\" data-elementor-post-type=\"page\">\n\t\t\t\t<div class=\"elementor-element elementor-element-2d28f5f8 e-flex e-con-boxed e-con e-parent\" data-id=\"2d28f5f8\" data-element_type=\"container\" data-e-type=\"container\" data-settings=\"{&quot;background_background&quot;:&quot;classic&quot;,&quot;_ha_eqh_enable&quot;:false}\">\n\t\t\t\t\t<div class=\"e-con-inner\">\n\t\t<div class=\"elementor-element elementor-element-589f54dd e-con-full e-flex e-con e-child\" data-id=\"589f54dd\" data-element_type=\"container\" data-e-type=\"container\" data-settings=\"{&quot;_ha_eqh_enable&quot;:false}\">\n\t\t\t\t<div class=\"elementor-element elementor-element-67162b64 elementor-widget elementor-widget-heading\" data-id=\"67162b64\" data-element_type=\"widget\" data-e-type=\"widget\" data-widget_type=\"heading.default\">\n\t\t\t\t<div class=\"elementor-widget-container\">\n\t\t\t\t\t<h1 class=\"elementor-heading-title elementor-size-default\">Un Toast \u00e0 la Provence<\/h1>\t\t\t\t<\/div>\n\t\t\t\t<\/div>\n\t\t\t\t<div class=\"elementor-element elementor-element-5690c4d4 elementor-widget elementor-widget-heading\" data-id=\"5690c4d4\" data-element_type=\"widget\" data-e-type=\"widget\" data-widget_type=\"heading.default\">\n\t\t\t\t<div class=\"elementor-widget-container\">\n\t\t\t\t\t<h2 class=\"elementor-heading-title elementor-size-default\">Gagnez l'Exp\u00e9rience Jardin d\u2019\u00c9t\u00e9 Ultime\n<\/h2>\t\t\t\t<\/div>\n\t\t\t\t<\/div>\n\t\t\t\t<\/div>\n\t\t\t\t\t<\/div>\n\t\t\t\t<\/div>\n\t\t<div class=\"elementor-element elementor-element-7e99edd0 e-flex e-con-boxed e-con e-parent\" data-id=\"7e99edd0\" data-element_type=\"container\" data-e-type=\"container\" data-settings=\"{&quot;_ha_eqh_enable&quot;:false}\">\n\t\t\t\t\t<div class=\"e-con-inner\">\n\t\t\t\t<div class=\"elementor-element elementor-element-18f57919 animated-slow elementor-invisible elementor-widget elementor-widget-image\" data-id=\"18f57919\" data-element_type=\"widget\" data-e-type=\"widget\" data-settings=\"{&quot;_animation&quot;:&quot;fadeInDown&quot;}\" data-widget_type=\"image.default\">\n\t\t\t\t<div class=\"elementor-widget-container\">\n\t\t\t\t\t\t\t\t\t\t\t\t\t\t\t<img decoding=\"async\" width=\"300\" height=\"150\" src=\"https:\/\/faulknerwine.com\/wp-content\/uploads\/2025\/06\/logo-GC-500-x-1000-300x150.png\" class=\"attachment-medium size-medium wp-image-11549\" alt=\"Logo du Domaine du Grand Cros\" srcset=\"https:\/\/faulknerwine.com\/wp-content\/uploads\/2025\/06\/logo-GC-500-x-1000-300x150.png 300w, https:\/\/faulknerwine.com\/wp-content\/uploads\/2025\/06\/logo-GC-500-x-1000-768x384.png 768w, https:\/\/faulknerwine.com\/wp-content\/uploads\/2025\/06\/logo-GC-500-x-1000-600x300.png 600w, https:\/\/faulknerwine.com\/wp-content\/uploads\/2025\/06\/logo-GC-500-x-1000.png 1000w\" sizes=\"(max-width: 300px) 100vw, 300px\" \/>\t\t\t\t\t\t\t\t\t\t\t\t\t\t\t<\/div>\n\t\t\t\t<\/div>\n\t\t\t\t<div class=\"elementor-element elementor-element-a6c7e9e elementor-widget elementor-widget-text-editor\" data-id=\"a6c7e9e\" data-element_type=\"widget\" data-e-type=\"widget\" data-widget_type=\"text-editor.default\">\n\t\t\t\t<div class=\"elementor-widget-container\">\n\t\t\t\t\t\t\t\t\t<div><strong>F\u00e9licitations \u00e0 Sandra Gordon<\/strong>, l&rsquo;heureuse gagnante de notre tombola d&rsquo;\u00e9t\u00e9. La gagnante a \u00e9t\u00e9 s\u00e9lectionn\u00e9e par un g\u00e9n\u00e9rateur de nombres al\u00e9atoires tiers certifi\u00e9 : random.org. Vous pouvez v\u00e9rifier que votre participation avait bien \u00e9t\u00e9 enregistr\u00e9 gr\u00e2ce au widget ci-dessous.  <\/div><div> <\/div>\t\t\t\t\t\t\t\t<\/div>\n\t\t\t\t<\/div>\n\t\t<div class=\"elementor-element elementor-element-229a6e8 e-con-full e-flex e-con e-child\" data-id=\"229a6e8\" data-element_type=\"container\" data-e-type=\"container\" data-settings=\"{&quot;_ha_eqh_enable&quot;:false}\">\n\t\t\t\t<div class=\"elementor-element elementor-element-7471e6e elementor-widget__width-initial elementor-widget elementor-widget-html\" data-id=\"7471e6e\" data-element_type=\"widget\" data-e-type=\"widget\" data-widget_type=\"html.default\">\n\t\t\t\t<div class=\"elementor-widget-container\">\n\t\t\t\t\t<iframe id=\"rdo-iframe-draw-269065\" src=\"https:\/\/www.random.org\/widgets\/draws\/iframe.php?draw=269065&amp;fixsize=off&amp;limwin=off&amp;border=on&amp;bgcolor=%23E0E0E0&amp;txtcolor=%23000000&amp;\" frameborder=\"0\" scrolling=\"no\" longdesc=\"https:\/\/www.random.org\/draws\/\">\r\nCe tirage au sort a \u00e9t\u00e9 organis\u00e9 par Faulkner Wine de mani\u00e8re \u00e9quitable et impartiale, \u00e0 l'aide du service de tirage au sort tiers RANDOM.ORG. Pour plus de d\u00e9tails, veuillez consulter <a href=\"https:\/\/www.random.org\/draws\/details\/?draw=269065\" target=\"_blank\" rel=\"noopener\">le dossier<\/a>. \r\n<\/iframe>\r\n\t\t\t\t<\/div>\n\t\t\t\t<\/div>\n\t\t\t\t<\/div>\n\t\t\t\t<div class=\"elementor-element elementor-element-ebe0f56 elementor-widget elementor-widget-text-editor\" data-id=\"ebe0f56\" data-element_type=\"widget\" data-e-type=\"widget\" data-widget_type=\"text-editor.default\">\n\t\t\t\t<div class=\"elementor-widget-container\">\n\t\t\t\t\t\t\t\t\t<p>Merci \u00e0 tous les participants.<\/p>\t\t\t\t\t\t\t\t<\/div>\n\t\t\t\t<\/div>\n\t\t\t\t<div class=\"elementor-element elementor-element-ae10460 elementor-widget elementor-widget-heading\" data-id=\"ae10460\" data-element_type=\"widget\" data-e-type=\"widget\" data-widget_type=\"heading.default\">\n\t\t\t\t<div class=\"elementor-widget-container\">\n\t\t\t\t\t<h2 class=\"elementor-heading-title elementor-size-default\">Julian Faulkner<\/h2>\t\t\t\t<\/div>\n\t\t\t\t<\/div>\n\t\t\t\t\t<\/div>\n\t\t\t\t<\/div>\n\t\t<div class=\"elementor-element elementor-element-4f0f9eb8 e-flex e-con-boxed e-con e-parent\" data-id=\"4f0f9eb8\" data-element_type=\"container\" data-e-type=\"container\" data-settings=\"{&quot;_ha_eqh_enable&quot;:false}\">\n\t\t\t\t\t<div class=\"e-con-inner\">\n\t\t<div class=\"elementor-element elementor-element-850db9c e-con-full e-flex e-con e-child\" data-id=\"850db9c\" data-element_type=\"container\" data-e-type=\"container\" data-settings=\"{&quot;_ha_eqh_enable&quot;:false}\">\n\t\t\t\t<div class=\"elementor-element elementor-element-8e2f8ce elementor-widget elementor-widget-image\" data-id=\"8e2f8ce\" data-element_type=\"widget\" data-e-type=\"widget\" data-widget_type=\"image.default\">\n\t\t\t\t<div class=\"elementor-widget-container\">\n\t\t\t\t\t\t\t\t\t\t\t\t\t\t\t<img fetchpriority=\"high\" decoding=\"async\" width=\"800\" height=\"504\" src=\"https:\/\/faulknerwine.com\/wp-content\/uploads\/2025\/06\/Seau-a-champagne-avec-le-vins-du-domaine-FaulknerWine-scaled-2-1024x645.avif\" class=\"attachment-large size-large wp-image-11151\" alt=\"Seau \u00e0 gla\u00e7on Le Grand Cros\" srcset=\"https:\/\/faulknerwine.com\/wp-content\/uploads\/2025\/06\/Seau-a-champagne-avec-le-vins-du-domaine-FaulknerWine-scaled-2-1024x645.avif 1024w, https:\/\/faulknerwine.com\/wp-content\/uploads\/2025\/06\/Seau-a-champagne-avec-le-vins-du-domaine-FaulknerWine-scaled-2-300x189.avif 300w, https:\/\/faulknerwine.com\/wp-content\/uploads\/2025\/06\/Seau-a-champagne-avec-le-vins-du-domaine-FaulknerWine-scaled-2-768x484.avif 768w, https:\/\/faulknerwine.com\/wp-content\/uploads\/2025\/06\/Seau-a-champagne-avec-le-vins-du-domaine-FaulknerWine-scaled-2-1536x967.avif 1536w, https:\/\/faulknerwine.com\/wp-content\/uploads\/2025\/06\/Seau-a-champagne-avec-le-vins-du-domaine-FaulknerWine-scaled-2-2048x1290.avif 2048w, https:\/\/faulknerwine.com\/wp-content\/uploads\/2025\/06\/Seau-a-champagne-avec-le-vins-du-domaine-FaulknerWine-scaled-2-600x378.avif 600w\" sizes=\"(max-width: 800px) 100vw, 800px\" \/>\t\t\t\t\t\t\t\t\t\t\t\t\t\t\t<\/div>\n\t\t\t\t<\/div>\n\t\t\t\t<\/div>\n\t\t\t\t\t<\/div>\n\t\t\t\t<\/div>\n\t\t<div class=\"elementor-element elementor-element-552e3aba e-flex e-con-boxed e-con e-parent\" data-id=\"552e3aba\" data-element_type=\"container\" data-e-type=\"container\" data-settings=\"{&quot;background_background&quot;:&quot;classic&quot;,&quot;_ha_eqh_enable&quot;:false}\">\n\t\t\t\t\t<div class=\"e-con-inner\">\n\t\t\t\t<div class=\"elementor-element elementor-element-3cb02eb4 elementor-widget elementor-widget-heading\" data-id=\"3cb02eb4\" data-element_type=\"widget\" data-e-type=\"widget\" data-widget_type=\"heading.default\">\n\t\t\t\t<div class=\"elementor-widget-container\">\n\t\t\t\t\t<h2 class=\"elementor-heading-title elementor-size-default\">Pourquoi des Magnums ?\n<\/h2>\t\t\t\t<\/div>\n\t\t\t\t<\/div>\n\t\t\t\t<div class=\"elementor-element elementor-element-25c02ffc elementor-widget elementor-widget-text-editor\" data-id=\"25c02ffc\" data-element_type=\"widget\" data-e-type=\"widget\" data-widget_type=\"text-editor.default\">\n\t\t\t\t<div class=\"elementor-widget-container\">\n\t\t\t\t\t\t\t\t\t<p>Les magnums ne sont pas que de grandes bouteilles. <br>Ce sont des symboles de f\u00eate, con\u00e7us pour \u00eatre partag\u00e9s. Ils restent frais plus longtemps, vieillissent avec gr\u00e2ce, et deviennent une pi\u00e8ce ma\u00eetresse sur n\u2019importe quelle table. <br>Chacun raconte une histoire de Provence, et du patrimoine Faulkner Wine depuis 1989 \u2014 \u00e9l\u00e9gance, authenticit\u00e9 et joie dans chaque gorg\u00e9e.<\/p>\t\t\t\t\t\t\t\t<\/div>\n\t\t\t\t<\/div>\n\t\t\t\t\t<\/div>\n\t\t\t\t<\/div>\n\t\t<div class=\"elementor-element elementor-element-5801a2ba e-flex e-con-boxed e-con e-parent\" data-id=\"5801a2ba\" data-element_type=\"container\" data-e-type=\"container\" data-settings=\"{&quot;_ha_eqh_enable&quot;:false}\">\n\t\t\t\t\t<div class=\"e-con-inner\">\n\t\t<div class=\"elementor-element elementor-element-48b0b57a e-con-full e-flex e-con e-child\" data-id=\"48b0b57a\" data-element_type=\"container\" data-e-type=\"container\" data-settings=\"{&quot;_ha_eqh_enable&quot;:false}\">\n\t\t\t\t<div class=\"elementor-element elementor-element-30381889 animated-slow elementor-invisible elementor-widget elementor-widget-heading\" data-id=\"30381889\" data-element_type=\"widget\" data-e-type=\"widget\" data-settings=\"{&quot;_animation&quot;:&quot;fadeInUp&quot;}\" data-widget_type=\"heading.default\">\n\t\t\t\t<div class=\"elementor-widget-container\">\n\t\t\t\t\t<h3 class=\"elementor-heading-title elementor-size-default\">Termes &amp; Conditions\n<\/h3>\t\t\t\t<\/div>\n\t\t\t\t<\/div>\n\t\t\t\t<div class=\"elementor-element elementor-element-2c1e5434 elementor-widget elementor-widget-text-editor\" data-id=\"2c1e5434\" data-element_type=\"widget\" data-e-type=\"widget\" data-widget_type=\"text-editor.default\">\n\t\t\t\t<div class=\"elementor-widget-container\">\n\t\t\t\t\t\t\t\t\t<ul><li>Ouvert aux personnes \u00e2g\u00e9s de 18 ans et plus<\/li><li>Les inscriptions gratuites doivent \u00eatre soumises avant le <strong>29 Juin 2025 (minuit)<\/strong><\/li><li>Les inscriptions payantes ferment \u00e0 <strong>23:59 le 29 Juin 2025<\/strong><\/li><li>Gagnant s\u00e9lectionn\u00e9 au hasard et notifi\u00e9 dans les <strong>7 jours<\/strong><\/li><li>Conditions g\u00e9n\u00e9rales et confidentialit\u00e9: <a href=\"https:\/\/faulknerwine.com\/uk\/terms-and-conditions\/\">www.faulknerwine.co.uk\/t&amp;cs<\/a><\/li><\/ul><p>Cette promotion est conforme \u00e0 la r\u00e9glementation fran\u00e7aise sur les jeux d&rsquo;argent en tant que tirage au sort gratuit.<br><strong>Aucun achat n\u00e9cessaire<\/strong><\/p>\t\t\t\t\t\t\t\t<\/div>\n\t\t\t\t<\/div>\n\t\t\t\t<\/div>\n\t\t\t\t\t<\/div>\n\t\t\t\t<\/div>\n\t\t\t\t<\/div>\n\t\t","protected":false},"excerpt":{"rendered":"<p>Un Toast \u00e0 la Provence Gagnez l&rsquo;Exp\u00e9rience Jardin d\u2019\u00c9t\u00e9 Ultime F\u00e9licitations \u00e0 Sandra Gordon, l&rsquo;heureuse gagnante de notre tombola d&rsquo;\u00e9t\u00e9. La gagnante a \u00e9t\u00e9 s\u00e9lectionn\u00e9e par un g\u00e9n\u00e9rateur de nombres al\u00e9atoires tiers certifi\u00e9 : random.org. Vous pouvez v\u00e9rifier que votre participation avait bien \u00e9t\u00e9 enregistr\u00e9 gr\u00e2ce au widget ci-dessous. Ce tirage au sort a \u00e9t\u00e9 [&hellip;]<\/p>\n","protected":false},"author":26,"featured_media":11139,"parent":0,"menu_order":0,"comment_status":"closed","ping_status":"closed","template":"elementor_header_footer","meta":{"om_disable_all_campaigns":false,"footnotes":""},"class_list":["post-11202","page","type-page","status-publish","has-post-thumbnail","hentry"],"_links":{"self":[{"href":"https:\/\/faulknerwine.com\/fr\/wp-json\/wp\/v2\/pages\/11202","targetHints":{"allow":["GET"]}}],"collection":[{"href":"https:\/\/faulknerwine.com\/fr\/wp-json\/wp\/v2\/pages"}],"about":[{"href":"https:\/\/faulknerwine.com\/fr\/wp-json\/wp\/v2\/types\/page"}],"author":[{"embeddable":true,"href":"https:\/\/faulknerwine.com\/fr\/wp-json\/wp\/v2\/users\/26"}],"replies":[{"embeddable":true,"href":"https:\/\/faulknerwine.com\/fr\/wp-json\/wp\/v2\/comments?post=11202"}],"version-history":[{"count":0,"href":"https:\/\/faulknerwine.com\/fr\/wp-json\/wp\/v2\/pages\/11202\/revisions"}],"wp:featuredmedia":[{"embeddable":true,"href":"https:\/\/faulknerwine.com\/fr\/wp-json\/wp\/v2\/media\/11139"}],"wp:attachment":[{"href":"https:\/\/faulknerwine.com\/fr\/wp-json\/wp\/v2\/media?parent=11202"}],"curies":[{"name":"wp","href":"https:\/\/api.w.org\/{rel}","templated":true}]}}