{"id":6243,"date":"2022-01-05T13:41:32","date_gmt":"2022-01-05T13:41:32","guid":{"rendered":"https:\/\/faulknerwine.dreamhosters.com\/durabilite\/"},"modified":"2025-07-03T11:09:03","modified_gmt":"2025-07-03T11:09:03","slug":"durabilite","status":"publish","type":"page","link":"https:\/\/faulknerwine.com\/fr\/durabilite\/","title":{"rendered":"Durabilit\u00e9"},"content":{"rendered":"\t\t<div data-elementor-type=\"wp-page\" data-elementor-id=\"6243\" class=\"elementor elementor-6243 elementor-2833\" data-elementor-settings=\"{&quot;ha_cmc_init_switcher&quot;:&quot;no&quot;}\" data-elementor-post-type=\"page\">\n\t\t\t\t\t\t<section class=\"elementor-section elementor-top-section elementor-element elementor-element-bf5631c elementor-section-height-min-height elementor-section-items-bottom elementor-section-boxed elementor-section-height-default\" data-id=\"bf5631c\" data-element_type=\"section\" data-e-type=\"section\" data-settings=\"{&quot;background_background&quot;:&quot;video&quot;,&quot;background_video_link&quot;:&quot;https:\\\/\\\/faulknerwine.com\\\/wp-content\\\/uploads\\\/2022\\\/01\\\/vines-1.mp4&quot;,&quot;_ha_eqh_enable&quot;:false}\">\n\t\t\t\t\t\t\t\t<div class=\"elementor-background-video-container elementor-hidden-mobile\">\n\t\t\t\t\t\t\t\t\t\t\t\t\t<video class=\"elementor-background-video-hosted\" role=\"presentation\" autoplay muted playsinline loop><\/video>\n\t\t\t\t\t\t\t\t\t\t\t<\/div>\n\t\t\t\t\t\t\t\t\t<div class=\"elementor-background-overlay\"><\/div>\n\t\t\t\t\t\t\t<div class=\"elementor-container elementor-column-gap-default\">\n\t\t\t\t\t<div class=\"elementor-column elementor-col-100 elementor-top-column elementor-element elementor-element-b68406a\" data-id=\"b68406a\" data-element_type=\"column\" data-e-type=\"column\">\n\t\t\t<div class=\"elementor-widget-wrap elementor-element-populated\">\n\t\t\t\t\t\t<div class=\"elementor-element elementor-element-449ff07 animated-slow elementor-invisible elementor-widget elementor-widget-heading\" data-id=\"449ff07\" data-element_type=\"widget\" data-e-type=\"widget\" data-settings=\"{&quot;_animation&quot;:&quot;fadeInUp&quot;}\" data-widget_type=\"heading.default\">\n\t\t\t\t<div class=\"elementor-widget-container\">\n\t\t\t\t\t<h1 class=\"elementor-heading-title elementor-size-default\">Durabilit\u00e9<\/h1>\t\t\t\t<\/div>\n\t\t\t\t<\/div>\n\t\t\t\t<div class=\"elementor-element elementor-element-7931ac1 animated-slow elementor-invisible elementor-widget elementor-widget-heading\" data-id=\"7931ac1\" data-element_type=\"widget\" data-e-type=\"widget\" data-settings=\"{&quot;_animation&quot;:&quot;fadeInUp&quot;}\" data-widget_type=\"heading.default\">\n\t\t\t\t<div class=\"elementor-widget-container\">\n\t\t\t\t\t<h2 class=\"elementor-heading-title elementor-size-default\">NOTRE POINT DE VUE<\/h2>\t\t\t\t<\/div>\n\t\t\t\t<\/div>\n\t\t\t\t\t<\/div>\n\t\t<\/div>\n\t\t\t\t\t<\/div>\n\t\t<\/section>\n\t\t\t\t<section class=\"elementor-section elementor-top-section elementor-element elementor-element-7714280 elementor-section-boxed elementor-section-height-default elementor-section-height-default\" data-id=\"7714280\" data-element_type=\"section\" data-e-type=\"section\" data-settings=\"{&quot;_ha_eqh_enable&quot;:false}\">\n\t\t\t\t\t\t<div class=\"elementor-container elementor-column-gap-default\">\n\t\t\t\t\t<div class=\"elementor-column elementor-col-100 elementor-top-column elementor-element elementor-element-48613d8\" data-id=\"48613d8\" data-element_type=\"column\" data-e-type=\"column\">\n\t\t\t<div class=\"elementor-widget-wrap elementor-element-populated\">\n\t\t\t\t\t\t<div class=\"elementor-element elementor-element-424a60f animated-slow elementor-invisible elementor-widget elementor-widget-heading\" data-id=\"424a60f\" data-element_type=\"widget\" data-e-type=\"widget\" data-settings=\"{&quot;_animation&quot;:&quot;fadeInUp&quot;}\" data-widget_type=\"heading.default\">\n\t\t\t\t<div class=\"elementor-widget-container\">\n\t\t\t\t\t<h2 class=\"elementor-heading-title elementor-size-default\">Contexte<\/h2>\t\t\t\t<\/div>\n\t\t\t\t<\/div>\n\t\t\t\t<div class=\"elementor-element elementor-element-a7969f5 animated-slow elementor-invisible elementor-widget elementor-widget-text-editor\" data-id=\"a7969f5\" data-element_type=\"widget\" data-e-type=\"widget\" data-settings=\"{&quot;_animation&quot;:&quot;fadeIn&quot;}\" data-widget_type=\"text-editor.default\">\n\t\t\t\t<div class=\"elementor-widget-container\">\n\t\t\t\t\t\t\t\t\t<div><div class=\"index-section page-section--faq\"><div class=\"page-width text-left\"><div class=\"grid\"><div class=\"grid__item medium-up--three-quarters medium-up--push-one-eighth\"><div class=\"rte\"><p>Nous avons obtenu la premi\u00e8re certification durable par Terra Vitis en 2002 alors que nous \u00e9tions parmi une poign\u00e9e de producteurs en Provence \u00e0 \u00eatre les premiers \u00e0 nous engager dans cette voie. Cependant, frustr\u00e9s par le manque de reconnaissance de nos efforts et le co\u00fbt des audits, nous avons abandonn\u00e9 cette certification en 2010. Nous ne sommes fondamentalement pas d&rsquo;accord avec le r\u00e8glement biologique pour des raisons environnementales, nous avons donc continu\u00e9 \u00e0 g\u00e9rer notre vignoble de la meilleure fa\u00e7on que nous connaissions. Cependant, en 2019, nous avons remarqu\u00e9 un changement d&rsquo;attitude en partie gr\u00e2ce \u00e0 l&rsquo;effort du gouvernement fran\u00e7ais pour promouvoir le HVE en tant que certification officielle de l&rsquo;agriculture durable. Nous avons donc obtenu la certification HVE en 2020.<\/p><\/div><\/div><\/div><\/div><\/div><\/div>\t\t\t\t\t\t\t\t<\/div>\n\t\t\t\t<\/div>\n\t\t\t\t<div class=\"elementor-element elementor-element-650b689 animated-slow elementor-invisible elementor-widget elementor-widget-heading\" data-id=\"650b689\" data-element_type=\"widget\" data-e-type=\"widget\" data-settings=\"{&quot;_animation&quot;:&quot;fadeInUp&quot;}\" data-widget_type=\"heading.default\">\n\t\t\t\t<div class=\"elementor-widget-container\">\n\t\t\t\t\t<h2 class=\"elementor-heading-title elementor-size-default\">Qu'est-ce que le HVE et en quoi est-il diff\u00e9rent du bio?<\/h2>\t\t\t\t<\/div>\n\t\t\t\t<\/div>\n\t\t\t\t<div class=\"elementor-element elementor-element-56b11a9 animated-slow elementor-invisible elementor-widget elementor-widget-text-editor\" data-id=\"56b11a9\" data-element_type=\"widget\" data-e-type=\"widget\" data-settings=\"{&quot;_animation&quot;:&quot;fadeIn&quot;}\" data-widget_type=\"text-editor.default\">\n\t\t\t\t<div class=\"elementor-widget-container\">\n\t\t\t\t\t\t\t\t\t<div><div class=\"index-section page-section--faq\"><div class=\"page-width text-left\"><div class=\"grid\"><div class=\"grid__item medium-up--three-quarters medium-up--push-one-eighth\"><div class=\"rte\"><p>Le r\u00e8glement biologique se soucie principalement de savoir si les pesticides qu&rsquo;ils autorisent sont d&rsquo;origine naturelle ou synth\u00e9tique. Le livre de r\u00e8gles HVE ne pense pas que cela soit pertinent, ce qui compte, c&rsquo;est le niveau de toxicit\u00e9 et le cycle de vie des mol\u00e9cules, car certaines mol\u00e9cules se d\u00e9composent rapidement en mol\u00e9cules inoffensives tandis que d&rsquo;autres ne se d\u00e9composent jamais. Le compos\u00e9 avec lequel nous sommes le plus en d\u00e9saccord est l&rsquo;utilisation organique du cuivre, que nous pensons \u00eatre un m\u00e9tal lourd toxique qui ne se d\u00e9compose jamais et qui s&rsquo;\u00e9limine \u00e0 chaque pluie et n\u00e9cessite donc une pulv\u00e9risation plus fr\u00e9quente, ce qui entra\u00eene incidemment plus de GES provenant des tracteurs effectuant la pulv\u00e9risation. Pour tout le reste, nous avons beaucoup en commun : nous privil\u00e9gions essentiellement le d\u00e9sherbage m\u00e9canique aux herbicides, utilisons les meilleures pratiques qui limitent l&rsquo;utilisation de pesticides et d&rsquo;engrais naturels (id\u00e9alement du compost) les meilleures pratiques de gestion des sols pour limiter le besoin d&rsquo;utiliser tout engrais et seulement ce que le la vigne a besoin. Nous captons \u00e9galement tout ruissellement de nos \u00e9quipements de pulv\u00e9risation et le faisons traiter comme nous le faisons pour les d\u00e9chets de la cave.<\/p><\/div><\/div><\/div><\/div><\/div><\/div>\t\t\t\t\t\t\t\t<\/div>\n\t\t\t\t<\/div>\n\t\t\t\t\t<\/div>\n\t\t<\/div>\n\t\t\t\t\t<\/div>\n\t\t<\/section>\n\t\t\t\t<section class=\"elementor-section elementor-top-section elementor-element elementor-element-311f6be elementor-section-full_width elementor-section-height-min-height elementor-section-height-default elementor-section-items-middle\" data-id=\"311f6be\" data-element_type=\"section\" data-e-type=\"section\" data-settings=\"{&quot;_ha_eqh_enable&quot;:false}\">\n\t\t\t\t\t\t<div class=\"elementor-container elementor-column-gap-default\">\n\t\t\t\t\t<div class=\"elementor-column elementor-col-100 elementor-top-column elementor-element elementor-element-a2cc283\" data-id=\"a2cc283\" data-element_type=\"column\" data-e-type=\"column\">\n\t\t\t<div class=\"elementor-widget-wrap elementor-element-populated\">\n\t\t\t\t\t\t<div class=\"elementor-element elementor-element-0e39493 elementor--h-position-center elementor--v-position-middle elementor-widget elementor-widget-slides\" data-id=\"0e39493\" data-element_type=\"widget\" data-e-type=\"widget\" data-settings=\"{&quot;navigation&quot;:&quot;none&quot;,&quot;infinite&quot;:&quot;yes&quot;,&quot;transition&quot;:&quot;slide&quot;,&quot;transition_speed&quot;:500}\" data-widget_type=\"slides.default\">\n\t\t\t\t<div class=\"elementor-widget-container\">\n\t\t\t\t\t\t\t\t\t<div class=\"elementor-swiper\">\n\t\t\t\t\t<div class=\"elementor-slides-wrapper elementor-main-swiper swiper\" role=\"region\" aria-roledescription=\"carousel\" aria-label=\"Diapositives\" dir=\"ltr\" data-animation=\"fadeInUp\">\n\t\t\t\t<div class=\"swiper-wrapper elementor-slides\">\n\t\t\t\t\t\t\t\t\t\t<div class=\"elementor-repeater-item-725783b swiper-slide\" role=\"group\" aria-roledescription=\"slide\"><div class=\"swiper-slide-bg elementor-ken-burns elementor-ken-burns--in\" role=\"img\" aria-label=\"Vigne de Provence\"><\/div><div class=\"elementor-background-overlay\"><\/div><div class=\"swiper-slide-inner\" ><div class=\"swiper-slide-contents\"><div class=\"elementor-slide-heading\">''Nous avons l'intention de mettre en place une comptabilit\u00e9 carbone afin de nous fixer l'objectif d'\u00eatre neutre en carbone d'ici 2050 conform\u00e9ment aux accords de Paris.'' \u200b<\/div><div class=\"elementor-slide-description\"><p>\u200b<\/p>\n<\/div><\/div><\/div><\/div>\t\t\t\t<\/div>\n\t\t\t\t\t\t\t<\/div>\n\t\t\t\t<\/div>\n\t\t\t\t\t\t\t\t<\/div>\n\t\t\t\t<\/div>\n\t\t\t\t\t<\/div>\n\t\t<\/div>\n\t\t\t\t\t<\/div>\n\t\t<\/section>\n\t\t\t\t<section class=\"elementor-section elementor-top-section elementor-element elementor-element-68e0399 elementor-section-boxed elementor-section-height-default elementor-section-height-default\" data-id=\"68e0399\" data-element_type=\"section\" data-e-type=\"section\" data-settings=\"{&quot;_ha_eqh_enable&quot;:false}\">\n\t\t\t\t\t\t<div class=\"elementor-container elementor-column-gap-default\">\n\t\t\t\t\t<div class=\"elementor-column elementor-col-100 elementor-top-column elementor-element elementor-element-bed7195\" data-id=\"bed7195\" data-element_type=\"column\" data-e-type=\"column\">\n\t\t\t<div class=\"elementor-widget-wrap elementor-element-populated\">\n\t\t\t\t\t\t<div class=\"elementor-element elementor-element-b9e4ced animated-slow elementor-widget elementor-widget-heading\" data-id=\"b9e4ced\" data-element_type=\"widget\" data-e-type=\"widget\" data-settings=\"{&quot;_animation&quot;:&quot;none&quot;}\" data-widget_type=\"heading.default\">\n\t\t\t\t<div class=\"elementor-widget-container\">\n\t\t\t\t\t<h2 class=\"elementor-heading-title elementor-size-default\">Ce que nous faisons au-del\u00e0 des exigences de la certification HVE<\/h2>\t\t\t\t<\/div>\n\t\t\t\t<\/div>\n\t\t\t\t<div class=\"elementor-element elementor-element-51fef0a animated-slow elementor-widget elementor-widget-text-editor\" data-id=\"51fef0a\" data-element_type=\"widget\" data-e-type=\"widget\" data-settings=\"{&quot;_animation&quot;:&quot;none&quot;}\" data-widget_type=\"text-editor.default\">\n\t\t\t\t<div class=\"elementor-widget-container\">\n\t\t\t\t\t\t\t\t\t<div><div class=\"index-section page-section--faq\"><div class=\"page-width text-left\"><div class=\"grid\"><div class=\"grid__item medium-up--three-quarters medium-up--push-one-eighth\"><div class=\"rte\"><p>Toute l&rsquo;\u00e9lectricit\u00e9 que nous consommons est renouvelable. Nous pr\u00e9voyons d&rsquo;installer des panneaux solaires sur les toits de nos caves et de nos b\u00e2timents agricoles pour un montant de __Kw, ce qui repr\u00e9sente X% de notre consommation annuelle d&rsquo;\u00e9lectricit\u00e9. Nous avons l&rsquo;intention de mettre en place une comptabilit\u00e9 carbone afin de nous fixer l&rsquo;objectif d&rsquo;\u00eatre neutre en carbone d&rsquo;ici 2050 conform\u00e9ment aux accords de Paris.<br>Nous explorons et testons constamment de nouvelles id\u00e9es. Nous nous sommes r\u00e9cemment associ\u00e9s \u00e0 un producteur voisin qui composte les d\u00e9chets v\u00e9g\u00e9taux des jardins et les a appliqu\u00e9s sur 3 ha de nouvelles parcelles que nous planterons cette ann\u00e9e. Le tonnage est \u00e9norme et nous avons voulu tester la faisabilit\u00e9 de sa mise en \u0153uvre sur l&rsquo;ensemble du vignoble.<\/p><\/div><\/div><\/div><\/div><\/div><\/div>\t\t\t\t\t\t\t\t<\/div>\n\t\t\t\t<\/div>\n\t\t\t\t<div class=\"elementor-element elementor-element-637b2f1 animated-slow elementor-widget elementor-widget-heading\" data-id=\"637b2f1\" data-element_type=\"widget\" data-e-type=\"widget\" data-settings=\"{&quot;_animation&quot;:&quot;none&quot;}\" data-widget_type=\"heading.default\">\n\t\t\t\t<div class=\"elementor-widget-container\">\n\t\t\t\t\t<h2 class=\"elementor-heading-title elementor-size-default\">Changement climatique<\/h2>\t\t\t\t<\/div>\n\t\t\t\t<\/div>\n\t\t\t\t<div class=\"elementor-element elementor-element-68eb9ab animated-slow elementor-widget elementor-widget-text-editor\" data-id=\"68eb9ab\" data-element_type=\"widget\" data-e-type=\"widget\" data-settings=\"{&quot;_animation&quot;:&quot;none&quot;}\" data-widget_type=\"text-editor.default\">\n\t\t\t\t<div class=\"elementor-widget-container\">\n\t\t\t\t\t\t\t\t\t<p>Si vous regardez l&#8217;empreinte carbone d&rsquo;un domaine viticole moyen, le fruit le plus bas est la verrerie. L&rsquo;\u00e9nergie n\u00e9cessaire \u00e0 la fabrication du verre repr\u00e9sente en moyenne un tiers de toute l&rsquo;\u00e9nergie n\u00e9cessaire \u00e0 une bouteille de vin. Nous avons cherch\u00e9 \u00e0 augmenter le bag in box et \u00e0 mettre en place des bouteilles en PET, mais nous sommes confront\u00e9s \u00e0 la perception n\u00e9gative des consommateurs de ces formes alternatives d&#8217;emballage. Nous reconnaissons certains nouveaux acteurs sur le march\u00e9 qui font un excellent travail pour changer cette perception, notamment la soci\u00e9t\u00e9 BIB Wine et Gar\u00e7on Wines et nous esp\u00e9rons nous associer \u00e0 eux ou suivre leurs traces au fur et \u00e0 mesure que nous embarquerons nos distributeurs et d\u00e9taillants. En attendant vous pouvez acheter notre bib ros\u00e9.<\/p>\t\t\t\t\t\t\t\t<\/div>\n\t\t\t\t<\/div>\n\t\t\t\t\t<\/div>\n\t\t<\/div>\n\t\t\t\t\t<\/div>\n\t\t<\/section>\n\t\t\t\t<\/div>\n\t\t","protected":false},"excerpt":{"rendered":"<p>Durabilit\u00e9 NOTRE POINT DE VUE Contexte Nous avons obtenu la premi\u00e8re certification durable par Terra Vitis en 2002 alors que nous \u00e9tions parmi une poign\u00e9e de producteurs en Provence \u00e0 \u00eatre les premiers \u00e0 nous engager dans cette voie. Cependant, frustr\u00e9s par le manque de reconnaissance de nos efforts et le co\u00fbt des audits, nous [&hellip;]<\/p>\n","protected":false},"author":2,"featured_media":0,"parent":0,"menu_order":0,"comment_status":"closed","ping_status":"closed","template":"","meta":{"om_disable_all_campaigns":false,"footnotes":""},"class_list":["post-6243","page","type-page","status-publish","hentry"],"_links":{"self":[{"href":"https:\/\/faulknerwine.com\/fr\/wp-json\/wp\/v2\/pages\/6243","targetHints":{"allow":["GET"]}}],"collection":[{"href":"https:\/\/faulknerwine.com\/fr\/wp-json\/wp\/v2\/pages"}],"about":[{"href":"https:\/\/faulknerwine.com\/fr\/wp-json\/wp\/v2\/types\/page"}],"author":[{"embeddable":true,"href":"https:\/\/faulknerwine.com\/fr\/wp-json\/wp\/v2\/users\/2"}],"replies":[{"embeddable":true,"href":"https:\/\/faulknerwine.com\/fr\/wp-json\/wp\/v2\/comments?post=6243"}],"version-history":[{"count":0,"href":"https:\/\/faulknerwine.com\/fr\/wp-json\/wp\/v2\/pages\/6243\/revisions"}],"wp:attachment":[{"href":"https:\/\/faulknerwine.com\/fr\/wp-json\/wp\/v2\/media?parent=6243"}],"curies":[{"name":"wp","href":"https:\/\/api.w.org\/{rel}","templated":true}]}}