{"id":7605,"date":"2022-01-04T14:37:06","date_gmt":"2022-01-04T14:37:06","guid":{"rendered":"https:\/\/faulknerwine.dreamhosters.com\/jules\/sauvignon-blanc\/"},"modified":"2024-05-05T07:52:55","modified_gmt":"2024-05-05T07:52:55","slug":"sauvignon-blanc","status":"publish","type":"page","link":"https:\/\/faulknerwine.com\/fr\/jules\/sauvignon-blanc\/","title":{"rendered":"Sauvignon Blanc"},"content":{"rendered":"\t\t<div data-elementor-type=\"wp-page\" data-elementor-id=\"7605\" class=\"elementor elementor-7605 elementor-2532\" data-elementor-settings=\"{&quot;ha_cmc_init_switcher&quot;:&quot;no&quot;}\" data-elementor-post-type=\"page\">\n\t\t\t\t\t\t<section class=\"elementor-section elementor-top-section elementor-element elementor-element-05d66bb elementor-section-boxed elementor-section-height-default elementor-section-height-default\" data-id=\"05d66bb\" data-element_type=\"section\" data-e-type=\"section\" data-settings=\"{&quot;_ha_eqh_enable&quot;:false}\">\n\t\t\t\t\t\t<div class=\"elementor-container elementor-column-gap-default\">\n\t\t\t\t\t<div class=\"elementor-column elementor-col-50 elementor-top-column elementor-element elementor-element-92f869d animated-slow elementor-invisible\" data-id=\"92f869d\" data-element_type=\"column\" data-e-type=\"column\" data-settings=\"{&quot;animation&quot;:&quot;fadeInLeft&quot;}\">\n\t\t\t<div class=\"elementor-widget-wrap elementor-element-populated\">\n\t\t\t\t\t\t<div class=\"elementor-element elementor-element-e1adb4e elementor-widget elementor-widget-image\" data-id=\"e1adb4e\" data-element_type=\"widget\" data-e-type=\"widget\" data-widget_type=\"image.default\">\n\t\t\t\t<div class=\"elementor-widget-container\">\n\t\t\t\t\t\t\t\t\t\t\t\t\t\t\t<img decoding=\"async\" src=\"https:\/\/faulknerwine.com\/wp-content\/uploads\/elementor\/thumbs\/Sauvignon-Blanc-1-piit5falscnuaapyi3no1eg9sd31k16fcqx8n099lg.png\" title=\"Sauvignon Blanc\" alt=\"Sauvignon Blanc\" loading=\"lazy\" \/>\t\t\t\t\t\t\t\t\t\t\t\t\t\t\t<\/div>\n\t\t\t\t<\/div>\n\t\t\t\t\t<\/div>\n\t\t<\/div>\n\t\t\t\t<div class=\"elementor-column elementor-col-50 elementor-top-column elementor-element elementor-element-d6d0c94 animated-slow elementor-invisible\" data-id=\"d6d0c94\" data-element_type=\"column\" data-e-type=\"column\" data-settings=\"{&quot;animation&quot;:&quot;fadeInRight&quot;}\">\n\t\t\t<div class=\"elementor-widget-wrap elementor-element-populated\">\n\t\t\t\t\t\t<div class=\"elementor-element elementor-element-7b03649 elementor-widget elementor-widget-heading\" data-id=\"7b03649\" data-element_type=\"widget\" data-e-type=\"widget\" data-widget_type=\"heading.default\">\n\t\t\t\t<div class=\"elementor-widget-container\">\n\t\t\t\t\t<h2 class=\"elementor-heading-title elementor-size-default\">JULES<\/h2>\t\t\t\t<\/div>\n\t\t\t\t<\/div>\n\t\t\t\t<div class=\"elementor-element elementor-element-425231d elementor-widget elementor-widget-heading\" data-id=\"425231d\" data-element_type=\"widget\" data-e-type=\"widget\" data-widget_type=\"heading.default\">\n\t\t\t\t<div class=\"elementor-widget-container\">\n\t\t\t\t\t<h1 class=\"elementor-heading-title elementor-size-default\">Sauvignon Blanc<\/h1>\t\t\t\t<\/div>\n\t\t\t\t<\/div>\n\t\t\t\t<div class=\"elementor-element elementor-element-05a5f87 elementor-widget elementor-widget-text-editor\" data-id=\"05a5f87\" data-element_type=\"widget\" data-e-type=\"widget\" data-widget_type=\"text-editor.default\">\n\t\t\t\t<div class=\"elementor-widget-container\">\n\t\t\t\t\t\t\t\t\t<div class=\"product-single__description rte\">\n<div class=\"row-fluid-wrapper row-depth-1 row-number-2 dnd_area-row-1-padding dnd_area-row-1-vertical-alignment dnd_area-row-1-background-color dnd-section\">\n<div class=\"row-fluid\">\n<div class=\"span12 widget-span widget-type-custom_widget dnd_area-module-2-vertical-alignment dnd-module\" data-widget-type=\"custom_widget\" data-x=\"0\" data-w=\"12\">\n<div id=\"hs_cos_wrapper_dnd_area-module-2\" class=\"hs_cos_wrapper hs_cos_wrapper_widget hs_cos_wrapper_type_module widget-type-rich_text\" data-hs-cos-general-type=\"widget\" data-hs-cos-type=\"module\">\n<div class=\"product-single__description rte\">\n<div class=\"row-fluid-wrapper row-depth-1 row-number-2 dnd_area-row-1-padding dnd_area-row-1-vertical-alignment dnd_area-row-1-background-color dnd-section\">\n<div class=\"row-fluid\">\n<div class=\"span12 widget-span widget-type-custom_widget dnd_area-module-2-vertical-alignment dnd-module\" data-w=\"12\" data-x=\"0\" data-widget-type=\"custom_widget\">\n<div id=\"hs_cos_wrapper_dnd_area-module-2\" class=\"hs_cos_wrapper hs_cos_wrapper_widget hs_cos_wrapper_type_module widget-type-rich_text\" data-hs-cos-type=\"module\" data-hs-cos-general-type=\"widget\">\n<div class=\"product-single__description rte\">\n<div class=\"row-fluid-wrapper row-depth-1 row-number-2 dnd_area-row-1-padding dnd_area-row-1-vertical-alignment dnd_area-row-1-background-color dnd-section\">\n<div class=\"row-fluid\">\n<div class=\"span12 widget-span widget-type-custom_widget dnd_area-module-2-vertical-alignment dnd-module\" data-widget-type=\"custom_widget\" data-x=\"0\" data-w=\"12\">\n<div id=\"hs_cos_wrapper_dnd_area-module-2\" class=\"hs_cos_wrapper hs_cos_wrapper_widget hs_cos_wrapper_type_module widget-type-rich_text\" data-hs-cos-general-type=\"widget\" data-hs-cos-type=\"module\"><main class=\"body-container-wrapper\"><\/p>\n<div class=\"container-fluid body-container body-container--about\">\n<div class=\"row-fluid-wrapper\">\n<div class=\"row-fluid\">\n<div class=\"span12 widget-span widget-type-cell \" data-widget-type=\"cell\" data-x=\"0\" data-w=\"12\">\n<div class=\"row-fluid-wrapper row-depth-1 row-number-4 dnd_area-row-2-padding dnd-section dnd_area-row-2-vertical-alignment\">\n<div class=\"row-fluid \">\n<div class=\"span8 widget-span widget-type-custom_widget dnd_area-module-3-padding dnd-module dnd_area-module-3-vertical-alignment\" data-widget-type=\"custom_widget\" data-x=\"4\" data-w=\"8\">\n<div id=\"hs_cos_wrapper_dnd_area-module-3\" class=\"hs_cos_wrapper hs_cos_wrapper_widget hs_cos_wrapper_type_module widget-type-rich_text\" data-hs-cos-general-type=\"widget\" data-hs-cos-type=\"module\">\n<p>Un jaune lumineux \u2013\u2013 aux reflets verts. Le nez est intense avec des ar\u00f4mes de pamplemousse et de fleurs (jasmin et gen\u00eat). La bouche est vive mais ronde avec des saveurs de pamplemousse et de citron.<\/p>\n<\/div>\n<\/div>\n<\/div>\n<\/div>\n<\/div>\n<\/div>\n<\/div>\n<\/div>\n<p><\/main><\/div>\n<\/div>\n<\/div>\n<\/div>\n<\/div>\n<\/div>\n<\/div>\n<\/div>\n<\/div>\n<\/div>\n<\/div>\n<\/div>\n<\/div>\n<\/div>\n<\/div>\n\t\t\t\t\t\t\t\t<\/div>\n\t\t\t\t<\/div>\n\t\t\t\t<div class=\"elementor-element elementor-element-de71f93 elementor-widget elementor-widget-toggle\" data-id=\"de71f93\" data-element_type=\"widget\" data-e-type=\"widget\" data-widget_type=\"toggle.default\">\n\t\t\t\t<div class=\"elementor-widget-container\">\n\t\t\t\t\t\t\t<div class=\"elementor-toggle\">\n\t\t\t\t\t\t\t<div class=\"elementor-toggle-item\">\n\t\t\t\t\t<div id=\"elementor-tab-title-2331\" class=\"elementor-tab-title\" data-tab=\"1\" role=\"button\" aria-controls=\"elementor-tab-content-2331\" aria-expanded=\"false\">\n\t\t\t\t\t\t\t\t\t\t\t\t<span class=\"elementor-toggle-icon elementor-toggle-icon-left\" aria-hidden=\"true\">\n\t\t\t\t\t\t\t\t\t\t\t\t\t\t\t<span class=\"elementor-toggle-icon-closed\"><i class=\"fas fa-caret-right\"><\/i><\/span>\n\t\t\t\t\t\t\t\t<span class=\"elementor-toggle-icon-opened\"><i class=\"elementor-toggle-icon-opened fas fa-caret-up\"><\/i><\/span>\n\t\t\t\t\t\t\t\t\t\t\t\t\t<\/span>\n\t\t\t\t\t\t\t\t\t\t\t\t<a class=\"elementor-toggle-title\" tabindex=\"0\">CLIMAT<\/a>\n\t\t\t\t\t<\/div>\n\n\t\t\t\t\t<div id=\"elementor-tab-content-2331\" class=\"elementor-tab-content elementor-clearfix\" data-tab=\"1\" role=\"region\" aria-labelledby=\"elementor-tab-title-2331\"><div id=\"Product-content-climate-6808476123336-6808476123336\" class=\"collapsible-content collapsible-content--all is-open\">\n<div class=\"collapsible-content__inner rte\">\n<div id=\"Product-content-climate-7-6808475795656-6808475795656\" class=\"collapsible-content collapsible-content--all is-open\">\n<div class=\"collapsible-content__inner rte\">\n<div id=\"Product-content-climate-13-6886250119368-6886250119368\" class=\"collapsible-content collapsible-content--all is-open\">\n<div class=\"collapsible-content__inner rte\">\n<p>Le climat oc\u00e9anique a une profonde influence sur la concentration des ar\u00f4mes d&rsquo;agrumes gr\u00e2ce \u00e0 des temp\u00e9ratures chaudes le jour et particuli\u00e8rement fra\u00eeches la nuit en ao\u00fbt. L&rsquo;ann\u00e9e 2009 a \u00e9t\u00e9 un exemple particuli\u00e8rement bon de ce ph\u00e9nom\u00e8ne.<\/p>\n<\/div>\n<\/div>\n<\/div>\n<\/div>\n<\/div>\n<\/div>\n<\/div>\n\t\t\t\t<\/div>\n\t\t\t\t\t\t\t<div class=\"elementor-toggle-item\">\n\t\t\t\t\t<div id=\"elementor-tab-title-2332\" class=\"elementor-tab-title\" data-tab=\"2\" role=\"button\" aria-controls=\"elementor-tab-content-2332\" aria-expanded=\"false\">\n\t\t\t\t\t\t\t\t\t\t\t\t<span class=\"elementor-toggle-icon elementor-toggle-icon-left\" aria-hidden=\"true\">\n\t\t\t\t\t\t\t\t\t\t\t\t\t\t\t<span class=\"elementor-toggle-icon-closed\"><i class=\"fas fa-caret-right\"><\/i><\/span>\n\t\t\t\t\t\t\t\t<span class=\"elementor-toggle-icon-opened\"><i class=\"elementor-toggle-icon-opened fas fa-caret-up\"><\/i><\/span>\n\t\t\t\t\t\t\t\t\t\t\t\t\t<\/span>\n\t\t\t\t\t\t\t\t\t\t\t\t<a class=\"elementor-toggle-title\" tabindex=\"0\">C\u00c9PAGES<\/a>\n\t\t\t\t\t<\/div>\n\n\t\t\t\t\t<div id=\"elementor-tab-content-2332\" class=\"elementor-tab-content elementor-clearfix\" data-tab=\"2\" role=\"region\" aria-labelledby=\"elementor-tab-title-2332\"><div id=\"Product-content-grape-varieties-6808476123336-6808476123336\" class=\"collapsible-content collapsible-content--all is-open\">\n<div class=\"collapsible-content__inner rte\">\n<div id=\"Product-content-grape-varieties-3-6808475795656-6808475795656\" class=\"collapsible-content collapsible-content--all is-open\">\n<div class=\"collapsible-content__inner rte\">\n<div id=\"Product-content-grape-varieties-2-6886250119368-6886250119368\" class=\"collapsible-content collapsible-content--all is-open\">\n<div class=\"collapsible-content__inner rte\">\n<p>Sauvignon Blanc.<\/p>\n<\/div>\n<\/div>\n<\/div>\n<\/div>\n<\/div>\n<\/div>\n<\/div>\n\t\t\t\t<\/div>\n\t\t\t\t\t\t\t<div class=\"elementor-toggle-item\">\n\t\t\t\t\t<div id=\"elementor-tab-title-2333\" class=\"elementor-tab-title\" data-tab=\"3\" role=\"button\" aria-controls=\"elementor-tab-content-2333\" aria-expanded=\"false\">\n\t\t\t\t\t\t\t\t\t\t\t\t<span class=\"elementor-toggle-icon elementor-toggle-icon-left\" aria-hidden=\"true\">\n\t\t\t\t\t\t\t\t\t\t\t\t\t\t\t<span class=\"elementor-toggle-icon-closed\"><i class=\"fas fa-caret-right\"><\/i><\/span>\n\t\t\t\t\t\t\t\t<span class=\"elementor-toggle-icon-opened\"><i class=\"elementor-toggle-icon-opened fas fa-caret-up\"><\/i><\/span>\n\t\t\t\t\t\t\t\t\t\t\t\t\t<\/span>\n\t\t\t\t\t\t\t\t\t\t\t\t<a class=\"elementor-toggle-title\" tabindex=\"0\">M\u00c9THODES AGRICOLES<\/a>\n\t\t\t\t\t<\/div>\n\n\t\t\t\t\t<div id=\"elementor-tab-content-2333\" class=\"elementor-tab-content elementor-clearfix\" data-tab=\"3\" role=\"region\" aria-labelledby=\"elementor-tab-title-2333\"><div class=\"collapsibles-wrapper collapsibles-wrapper--border-bottom\">\n<div id=\"Product-content-meal-suggestion-6808476123336-6808476123336\" class=\"collapsible-content collapsible-content--all is-open\">\n<div class=\"collapsible-content__inner rte\">\n<div class=\"collapsibles-wrapper collapsibles-wrapper--border-bottom\">\n<div id=\"Product-content-meal-suggestion-2-6808475795656-6808475795656\" class=\"collapsible-content collapsible-content--all is-open\">\n<div class=\"collapsible-content__inner rte\">\n<div class=\"collapsibles-wrapper collapsibles-wrapper--border-bottom\">\n<div id=\"Product-content-meal-suggestion-9-6886250119368-6886250119368\" class=\"collapsible-content collapsible-content--all is-open\">\n<div class=\"collapsible-content__inner rte\">\n<div class=\"span4 widget-span widget-type-custom_widget dnd_area-module-5-padding dnd-module dnd_area-module-5-vertical-alignment\" data-widget-type=\"custom_widget\" data-x=\"4\" data-w=\"4\">\n<div id=\"hs_cos_wrapper_dnd_area-module-5\" class=\"hs_cos_wrapper hs_cos_wrapper_widget hs_cos_wrapper_type_module widget-type-rich_text\" data-hs-cos-general-type=\"widget\" data-hs-cos-type=\"module\">\n<p>Techniques agricoles durables permettant une diminution de 25 % de l&rsquo;utilisation moyenne de pesticides.<\/p>\n<\/div>\n<\/div>\n<\/div>\n<\/div>\n<\/div>\n<\/div>\n<\/div>\n<\/div>\n<\/div>\n<\/div>\n<\/div>\n<\/div>\n\t\t\t\t<\/div>\n\t\t\t\t\t\t\t\t<\/div>\n\t\t\t\t\t\t<\/div>\n\t\t\t\t<\/div>\n\t\t\t\t\t<\/div>\n\t\t<\/div>\n\t\t\t\t\t<\/div>\n\t\t<\/section>\n\t\t\t\t<section class=\"elementor-section elementor-top-section elementor-element elementor-element-952484a elementor-section-boxed elementor-section-height-default elementor-section-height-default\" data-id=\"952484a\" data-element_type=\"section\" data-e-type=\"section\" data-settings=\"{&quot;_ha_eqh_enable&quot;:false}\">\n\t\t\t\t\t\t<div class=\"elementor-container elementor-column-gap-default\">\n\t\t\t\t\t<div class=\"elementor-column elementor-col-100 elementor-top-column elementor-element elementor-element-4e95083\" data-id=\"4e95083\" data-element_type=\"column\" data-e-type=\"column\">\n\t\t\t<div class=\"elementor-widget-wrap elementor-element-populated\">\n\t\t\t\t\t\t<div class=\"elementor-element elementor-element-d17d981 elementor-widget elementor-widget-text-editor\" data-id=\"d17d981\" data-element_type=\"widget\" data-e-type=\"widget\" data-widget_type=\"text-editor.default\">\n\t\t\t\t<div class=\"elementor-widget-container\">\n\t\t\t\t\t\t\t\t\t<p>De la <a href=\"https:\/\/faulknerwine.com\/fr\/jules\/nos-vins\/\">Collection Jules<\/a><\/p>\n\t\t\t\t\t\t\t\t<\/div>\n\t\t\t\t<\/div>\n\t\t\t\t\t<\/div>\n\t\t<\/div>\n\t\t\t\t\t<\/div>\n\t\t<\/section>\n\t\t\t\t<\/div>\n\t\t","protected":false},"excerpt":{"rendered":"<p>JULES Sauvignon Blanc Un jaune lumineux \u2013\u2013 aux reflets verts. Le nez est intense avec des ar\u00f4mes de pamplemousse et de fleurs (jasmin et gen\u00eat). La bouche est vive mais ronde avec des saveurs de pamplemousse et de citron. CLIMAT Le climat oc\u00e9anique a une profonde influence sur la concentration des ar\u00f4mes d&#8217;agrumes gr\u00e2ce \u00e0 [&hellip;]<\/p>\n","protected":false},"author":2,"featured_media":0,"parent":7541,"menu_order":0,"comment_status":"closed","ping_status":"closed","template":"","meta":{"om_disable_all_campaigns":false,"footnotes":""},"class_list":["post-7605","page","type-page","status-publish","hentry"],"_links":{"self":[{"href":"https:\/\/faulknerwine.com\/fr\/wp-json\/wp\/v2\/pages\/7605","targetHints":{"allow":["GET"]}}],"collection":[{"href":"https:\/\/faulknerwine.com\/fr\/wp-json\/wp\/v2\/pages"}],"about":[{"href":"https:\/\/faulknerwine.com\/fr\/wp-json\/wp\/v2\/types\/page"}],"author":[{"embeddable":true,"href":"https:\/\/faulknerwine.com\/fr\/wp-json\/wp\/v2\/users\/2"}],"replies":[{"embeddable":true,"href":"https:\/\/faulknerwine.com\/fr\/wp-json\/wp\/v2\/comments?post=7605"}],"version-history":[{"count":0,"href":"https:\/\/faulknerwine.com\/fr\/wp-json\/wp\/v2\/pages\/7605\/revisions"}],"up":[{"embeddable":true,"href":"https:\/\/faulknerwine.com\/fr\/wp-json\/wp\/v2\/pages\/7541"}],"wp:attachment":[{"href":"https:\/\/faulknerwine.com\/fr\/wp-json\/wp\/v2\/media?parent=7605"}],"curies":[{"name":"wp","href":"https:\/\/api.w.org\/{rel}","templated":true}]}}