{"id":7633,"date":"2022-01-04T14:51:54","date_gmt":"2022-01-04T14:51:54","guid":{"rendered":"https:\/\/faulknerwine.dreamhosters.com\/jules\/malbec-cahors\/"},"modified":"2022-06-13T10:32:38","modified_gmt":"2022-06-13T10:32:38","slug":"malbec-cahors","status":"publish","type":"page","link":"https:\/\/faulknerwine.com\/fr\/jules\/malbec-cahors\/","title":{"rendered":"Malbec Cahors"},"content":{"rendered":"\t\t<div data-elementor-type=\"wp-page\" data-elementor-id=\"7633\" class=\"elementor elementor-7633 elementor-2542\" data-elementor-settings=\"{&quot;ha_cmc_init_switcher&quot;:&quot;no&quot;}\" data-elementor-post-type=\"page\">\n\t\t\t\t\t\t<section class=\"elementor-section elementor-top-section elementor-element elementor-element-5377393 elementor-section-boxed elementor-section-height-default elementor-section-height-default\" data-id=\"5377393\" data-element_type=\"section\" data-e-type=\"section\" data-settings=\"{&quot;_ha_eqh_enable&quot;:false}\">\n\t\t\t\t\t\t<div class=\"elementor-container elementor-column-gap-default\">\n\t\t\t\t\t<div class=\"elementor-column elementor-col-50 elementor-top-column elementor-element elementor-element-4c731e2 animated-slow elementor-invisible\" data-id=\"4c731e2\" data-element_type=\"column\" data-e-type=\"column\" data-settings=\"{&quot;animation&quot;:&quot;fadeInLeft&quot;}\">\n\t\t\t<div class=\"elementor-widget-wrap elementor-element-populated\">\n\t\t\t\t\t\t<div class=\"elementor-element elementor-element-98217d0 elementor-widget elementor-widget-image\" data-id=\"98217d0\" data-element_type=\"widget\" data-e-type=\"widget\" data-widget_type=\"image.default\">\n\t\t\t\t<div class=\"elementor-widget-container\">\n\t\t\t\t\t\t\t\t\t\t\t\t\t\t\t<img decoding=\"async\" src=\"https:\/\/faulknerwine.com\/wp-content\/uploads\/elementor\/thumbs\/Malbec-Cahors-piitpj2bys6mm1in3siedbt771zo6yzqs99462g4ic.png\" title=\"Malbec-Cahors\" alt=\"Malbec-Cahors\" loading=\"lazy\" \/>\t\t\t\t\t\t\t\t\t\t\t\t\t\t\t<\/div>\n\t\t\t\t<\/div>\n\t\t\t\t\t<\/div>\n\t\t<\/div>\n\t\t\t\t<div class=\"elementor-column elementor-col-50 elementor-top-column elementor-element elementor-element-eb63907 animated-slow elementor-invisible\" data-id=\"eb63907\" data-element_type=\"column\" data-e-type=\"column\" data-settings=\"{&quot;animation&quot;:&quot;fadeInRight&quot;}\">\n\t\t\t<div class=\"elementor-widget-wrap elementor-element-populated\">\n\t\t\t\t\t\t<div class=\"elementor-element elementor-element-186d10d elementor-widget elementor-widget-heading\" data-id=\"186d10d\" data-element_type=\"widget\" data-e-type=\"widget\" data-widget_type=\"heading.default\">\n\t\t\t\t<div class=\"elementor-widget-container\">\n\t\t\t\t\t<h2 class=\"elementor-heading-title elementor-size-default\">JULES<\/h2>\t\t\t\t<\/div>\n\t\t\t\t<\/div>\n\t\t\t\t<div class=\"elementor-element elementor-element-f6d84c0 elementor-widget elementor-widget-heading\" data-id=\"f6d84c0\" data-element_type=\"widget\" data-e-type=\"widget\" data-widget_type=\"heading.default\">\n\t\t\t\t<div class=\"elementor-widget-container\">\n\t\t\t\t\t<h1 class=\"elementor-heading-title elementor-size-default\">Malbec Cahors<\/h1>\t\t\t\t<\/div>\n\t\t\t\t<\/div>\n\t\t\t\t<div class=\"elementor-element elementor-element-26dbbd9 elementor-widget elementor-widget-text-editor\" data-id=\"26dbbd9\" data-element_type=\"widget\" data-e-type=\"widget\" data-widget_type=\"text-editor.default\">\n\t\t\t\t<div class=\"elementor-widget-container\">\n\t\t\t\t\t\t\t\t\t<div class=\"product-single__description rte\"><div class=\"row-fluid-wrapper row-depth-1 row-number-2 dnd_area-row-1-padding dnd_area-row-1-vertical-alignment dnd_area-row-1-background-color dnd-section\"><div class=\"row-fluid\"><div class=\"span12 widget-span widget-type-custom_widget dnd_area-module-2-vertical-alignment dnd-module\" data-widget-type=\"custom_widget\" data-x=\"0\" data-w=\"12\"><div id=\"hs_cos_wrapper_dnd_area-module-2\" class=\"hs_cos_wrapper hs_cos_wrapper_widget hs_cos_wrapper_type_module widget-type-rich_text\" data-hs-cos-general-type=\"widget\" data-hs-cos-type=\"module\"><div class=\"product-single__description rte\"><div class=\"row-fluid-wrapper row-depth-1 row-number-2 dnd_area-row-1-padding dnd_area-row-1-vertical-alignment dnd_area-row-1-background-color dnd-section\"><div class=\"row-fluid\"><div class=\"span12 widget-span widget-type-custom_widget dnd_area-module-2-vertical-alignment dnd-module\" data-w=\"12\" data-x=\"0\" data-widget-type=\"custom_widget\"><div id=\"hs_cos_wrapper_dnd_area-module-2\" class=\"hs_cos_wrapper hs_cos_wrapper_widget hs_cos_wrapper_type_module widget-type-rich_text\" data-hs-cos-type=\"module\" data-hs-cos-general-type=\"widget\"><div class=\"product-single__description rte\"><div class=\"row-fluid-wrapper row-depth-1 row-number-2 dnd_area-row-1-padding dnd_area-row-1-vertical-alignment dnd_area-row-1-background-color dnd-section\"><div class=\"row-fluid\"><div class=\"span12 widget-span widget-type-custom_widget dnd_area-module-2-vertical-alignment dnd-module\" data-widget-type=\"custom_widget\" data-x=\"0\" data-w=\"12\"><div id=\"hs_cos_wrapper_dnd_area-module-2\" class=\"hs_cos_wrapper hs_cos_wrapper_widget hs_cos_wrapper_type_module widget-type-rich_text\" data-hs-cos-general-type=\"widget\" data-hs-cos-type=\"module\"><p>Rouge grenat profond aux reflets violets. Le nez offre des fruits rouges et noirs. M\u00eame profil aromatique dans une bouche riche, ample et suave. Un vin rond et gourmand.<\/p><\/div><\/div><\/div><\/div><\/div><\/div><\/div><\/div><\/div><\/div><\/div><\/div><\/div><\/div><\/div>\t\t\t\t\t\t\t\t<\/div>\n\t\t\t\t<\/div>\n\t\t\t\t<div class=\"elementor-element elementor-element-25ba69e elementor-widget elementor-widget-toggle\" data-id=\"25ba69e\" data-element_type=\"widget\" data-e-type=\"widget\" data-widget_type=\"toggle.default\">\n\t\t\t\t<div class=\"elementor-widget-container\">\n\t\t\t\t\t\t\t<div class=\"elementor-toggle\">\n\t\t\t\t\t\t\t<div class=\"elementor-toggle-item\">\n\t\t\t\t\t<div id=\"elementor-tab-title-3951\" class=\"elementor-tab-title\" data-tab=\"1\" role=\"button\" aria-controls=\"elementor-tab-content-3951\" aria-expanded=\"false\">\n\t\t\t\t\t\t\t\t\t\t\t\t<span class=\"elementor-toggle-icon elementor-toggle-icon-left\" aria-hidden=\"true\">\n\t\t\t\t\t\t\t\t\t\t\t\t\t\t\t<span class=\"elementor-toggle-icon-closed\"><i class=\"fas fa-caret-right\"><\/i><\/span>\n\t\t\t\t\t\t\t\t<span class=\"elementor-toggle-icon-opened\"><i class=\"elementor-toggle-icon-opened fas fa-caret-up\"><\/i><\/span>\n\t\t\t\t\t\t\t\t\t\t\t\t\t<\/span>\n\t\t\t\t\t\t\t\t\t\t\t\t<a class=\"elementor-toggle-title\" tabindex=\"0\">TERROIR<\/a>\n\t\t\t\t\t<\/div>\n\n\t\t\t\t\t<div id=\"elementor-tab-content-3951\" class=\"elementor-tab-content elementor-clearfix\" data-tab=\"1\" role=\"region\" aria-labelledby=\"elementor-tab-title-3951\"><div id=\"Product-content-climate-6808476123336-6808476123336\" class=\"collapsible-content collapsible-content--all is-open\"><div class=\"collapsible-content__inner rte\"><div id=\"Product-content-climate-7-6808475795656-6808475795656\" class=\"collapsible-content collapsible-content--all is-open\"><div class=\"collapsible-content__inner rte\"><div id=\"Product-content-climate-13-6886250119368-6886250119368\" class=\"collapsible-content collapsible-content--all is-open\"><div class=\"collapsible-content__inner rte\"><p>Argilo-calcaire avec exposition sud et sud-ouest \u00e0 une altitude de 90-110 m\u00e8tres.<\/p><\/div><\/div><\/div><\/div><\/div><\/div><\/div>\n\t\t\t\t<\/div>\n\t\t\t\t\t\t\t<div class=\"elementor-toggle-item\">\n\t\t\t\t\t<div id=\"elementor-tab-title-3952\" class=\"elementor-tab-title\" data-tab=\"2\" role=\"button\" aria-controls=\"elementor-tab-content-3952\" aria-expanded=\"false\">\n\t\t\t\t\t\t\t\t\t\t\t\t<span class=\"elementor-toggle-icon elementor-toggle-icon-left\" aria-hidden=\"true\">\n\t\t\t\t\t\t\t\t\t\t\t\t\t\t\t<span class=\"elementor-toggle-icon-closed\"><i class=\"fas fa-caret-right\"><\/i><\/span>\n\t\t\t\t\t\t\t\t<span class=\"elementor-toggle-icon-opened\"><i class=\"elementor-toggle-icon-opened fas fa-caret-up\"><\/i><\/span>\n\t\t\t\t\t\t\t\t\t\t\t\t\t<\/span>\n\t\t\t\t\t\t\t\t\t\t\t\t<a class=\"elementor-toggle-title\" tabindex=\"0\">CLIMAT<\/a>\n\t\t\t\t\t<\/div>\n\n\t\t\t\t\t<div id=\"elementor-tab-content-3952\" class=\"elementor-tab-content elementor-clearfix\" data-tab=\"2\" role=\"region\" aria-labelledby=\"elementor-tab-title-3952\"><div id=\"Product-content-climate-6808476123336-6808476123336\" class=\"collapsible-content collapsible-content--all is-open\"><div class=\"collapsible-content__inner rte\"><div id=\"Product-content-climate-7-6808475795656-6808475795656\" class=\"collapsible-content collapsible-content--all is-open\"><div class=\"collapsible-content__inner rte\"><div id=\"Product-content-climate-13-6886250119368-6886250119368\" class=\"collapsible-content collapsible-content--all is-open\"><div class=\"collapsible-content__inner rte\"><p>La maturit\u00e9 ph\u00e9nolique a \u00e9t\u00e9 atteinte lentement mais enti\u00e8rement ce qui a permis aux vins d&rsquo;\u00eatre concentr\u00e9s mais avec des tanins souples.<\/p><\/div><\/div><\/div><\/div><\/div><\/div><\/div>\n\t\t\t\t<\/div>\n\t\t\t\t\t\t\t<div class=\"elementor-toggle-item\">\n\t\t\t\t\t<div id=\"elementor-tab-title-3953\" class=\"elementor-tab-title\" data-tab=\"3\" role=\"button\" aria-controls=\"elementor-tab-content-3953\" aria-expanded=\"false\">\n\t\t\t\t\t\t\t\t\t\t\t\t<span class=\"elementor-toggle-icon elementor-toggle-icon-left\" aria-hidden=\"true\">\n\t\t\t\t\t\t\t\t\t\t\t\t\t\t\t<span class=\"elementor-toggle-icon-closed\"><i class=\"fas fa-caret-right\"><\/i><\/span>\n\t\t\t\t\t\t\t\t<span class=\"elementor-toggle-icon-opened\"><i class=\"elementor-toggle-icon-opened fas fa-caret-up\"><\/i><\/span>\n\t\t\t\t\t\t\t\t\t\t\t\t\t<\/span>\n\t\t\t\t\t\t\t\t\t\t\t\t<a class=\"elementor-toggle-title\" tabindex=\"0\">C\u00c9PAGES<\/a>\n\t\t\t\t\t<\/div>\n\n\t\t\t\t\t<div id=\"elementor-tab-content-3953\" class=\"elementor-tab-content elementor-clearfix\" data-tab=\"3\" role=\"region\" aria-labelledby=\"elementor-tab-title-3953\"><div id=\"Product-content-grape-varieties-6808476123336-6808476123336\" class=\"collapsible-content collapsible-content--all is-open\"><div class=\"collapsible-content__inner rte\"><div id=\"Product-content-grape-varieties-3-6808475795656-6808475795656\" class=\"collapsible-content collapsible-content--all is-open\"><div class=\"collapsible-content__inner rte\"><div id=\"Product-content-grape-varieties-2-6886250119368-6886250119368\" class=\"collapsible-content collapsible-content--all is-open\"><div class=\"collapsible-content__inner rte\"><p>Malbec 85%, Merlot 15% (\u00e2ge moyen des vignes 30 ans plant\u00e9es \u00e0 4500 pieds par ha).<\/p><\/div><\/div><\/div><\/div><\/div><\/div><\/div>\n\t\t\t\t<\/div>\n\t\t\t\t\t\t\t<div class=\"elementor-toggle-item\">\n\t\t\t\t\t<div id=\"elementor-tab-title-3954\" class=\"elementor-tab-title\" data-tab=\"4\" role=\"button\" aria-controls=\"elementor-tab-content-3954\" aria-expanded=\"false\">\n\t\t\t\t\t\t\t\t\t\t\t\t<span class=\"elementor-toggle-icon elementor-toggle-icon-left\" aria-hidden=\"true\">\n\t\t\t\t\t\t\t\t\t\t\t\t\t\t\t<span class=\"elementor-toggle-icon-closed\"><i class=\"fas fa-caret-right\"><\/i><\/span>\n\t\t\t\t\t\t\t\t<span class=\"elementor-toggle-icon-opened\"><i class=\"elementor-toggle-icon-opened fas fa-caret-up\"><\/i><\/span>\n\t\t\t\t\t\t\t\t\t\t\t\t\t<\/span>\n\t\t\t\t\t\t\t\t\t\t\t\t<a class=\"elementor-toggle-title\" tabindex=\"0\">VENDANGE<\/a>\n\t\t\t\t\t<\/div>\n\n\t\t\t\t\t<div id=\"elementor-tab-content-3954\" class=\"elementor-tab-content elementor-clearfix\" data-tab=\"4\" role=\"region\" aria-labelledby=\"elementor-tab-title-3954\"><div id=\"Product-content-grape-varieties-6808476123336-6808476123336\" class=\"collapsible-content collapsible-content--all is-open\"><div class=\"collapsible-content__inner rte\"><div id=\"Product-content-grape-varieties-3-6808475795656-6808475795656\" class=\"collapsible-content collapsible-content--all is-open\"><div class=\"collapsible-content__inner rte\"><div id=\"Product-content-grape-varieties-2-6886250119368-6886250119368\" class=\"collapsible-content collapsible-content--all is-open\"><div class=\"collapsible-content__inner rte\"><p>M\u00e9caniquement avec des rendements de 45 hl par ha.<\/p><\/div><\/div><\/div><\/div><\/div><\/div><\/div>\n\t\t\t\t<\/div>\n\t\t\t\t\t\t\t<div class=\"elementor-toggle-item\">\n\t\t\t\t\t<div id=\"elementor-tab-title-3955\" class=\"elementor-tab-title\" data-tab=\"5\" role=\"button\" aria-controls=\"elementor-tab-content-3955\" aria-expanded=\"false\">\n\t\t\t\t\t\t\t\t\t\t\t\t<span class=\"elementor-toggle-icon elementor-toggle-icon-left\" aria-hidden=\"true\">\n\t\t\t\t\t\t\t\t\t\t\t\t\t\t\t<span class=\"elementor-toggle-icon-closed\"><i class=\"fas fa-caret-right\"><\/i><\/span>\n\t\t\t\t\t\t\t\t<span class=\"elementor-toggle-icon-opened\"><i class=\"elementor-toggle-icon-opened fas fa-caret-up\"><\/i><\/span>\n\t\t\t\t\t\t\t\t\t\t\t\t\t<\/span>\n\t\t\t\t\t\t\t\t\t\t\t\t<a class=\"elementor-toggle-title\" tabindex=\"0\">VINIFICATION<\/a>\n\t\t\t\t\t<\/div>\n\n\t\t\t\t\t<div id=\"elementor-tab-content-3955\" class=\"elementor-tab-content elementor-clearfix\" data-tab=\"5\" role=\"region\" aria-labelledby=\"elementor-tab-title-3955\"><div id=\"Product-content-grape-varieties-6808476123336-6808476123336\" class=\"collapsible-content collapsible-content--all is-open\"><div class=\"collapsible-content__inner rte\"><div id=\"Product-content-grape-varieties-3-6808475795656-6808475795656\" class=\"collapsible-content collapsible-content--all is-open\"><div class=\"collapsible-content__inner rte\"><div id=\"Product-content-grape-varieties-2-6886250119368-6886250119368\" class=\"collapsible-content collapsible-content--all is-open\"><div class=\"collapsible-content__inner rte\"><p>Une rang\u00e9e sur deux est labour\u00e9e et l&rsquo;autre est recouverte d&rsquo;herbe. Taille en guyot double. D\u00e9bourgeonnage au printemps. Effeuillage sur les rangs orient\u00e9s \u00e0 l&rsquo;est. Vendanges vertes si n\u00e9cessaire.<\/p><\/div><\/div><\/div><\/div><\/div><\/div><\/div>\n\t\t\t\t<\/div>\n\t\t\t\t\t\t\t<div class=\"elementor-toggle-item\">\n\t\t\t\t\t<div id=\"elementor-tab-title-3956\" class=\"elementor-tab-title\" data-tab=\"6\" role=\"button\" aria-controls=\"elementor-tab-content-3956\" aria-expanded=\"false\">\n\t\t\t\t\t\t\t\t\t\t\t\t<span class=\"elementor-toggle-icon elementor-toggle-icon-left\" aria-hidden=\"true\">\n\t\t\t\t\t\t\t\t\t\t\t\t\t\t\t<span class=\"elementor-toggle-icon-closed\"><i class=\"fas fa-caret-right\"><\/i><\/span>\n\t\t\t\t\t\t\t\t<span class=\"elementor-toggle-icon-opened\"><i class=\"elementor-toggle-icon-opened fas fa-caret-up\"><\/i><\/span>\n\t\t\t\t\t\t\t\t\t\t\t\t\t<\/span>\n\t\t\t\t\t\t\t\t\t\t\t\t<a class=\"elementor-toggle-title\" tabindex=\"0\">ELEVAGE ET MISE EN BOUTEILLE<\/a>\n\t\t\t\t\t<\/div>\n\n\t\t\t\t\t<div id=\"elementor-tab-content-3956\" class=\"elementor-tab-content elementor-clearfix\" data-tab=\"6\" role=\"region\" aria-labelledby=\"elementor-tab-title-3956\"><div id=\"Product-content-grape-varieties-6808476123336-6808476123336\" class=\"collapsible-content collapsible-content--all is-open\"><div class=\"collapsible-content__inner rte\"><div id=\"Product-content-grape-varieties-3-6808475795656-6808475795656\" class=\"collapsible-content collapsible-content--all is-open\"><div class=\"collapsible-content__inner rte\"><div id=\"Product-content-grape-varieties-2-6886250119368-6886250119368\" class=\"collapsible-content collapsible-content--all is-open\"><div class=\"collapsible-content__inner rte\"><p>Elevage en cuve ciment pendant un an et demi. Ratissage fr\u00e9quent les 3 premiers mois. L\u00e9g\u00e8re filtration en fin de premier hiver. Pas d&rsquo;assemblage durant cette p\u00e9riode lieu juste avant la mise en bouteille au domaine au printemps.<\/p><\/div><\/div><\/div><\/div><\/div><\/div><\/div>\n\t\t\t\t<\/div>\n\t\t\t\t\t\t\t<div class=\"elementor-toggle-item\">\n\t\t\t\t\t<div id=\"elementor-tab-title-3957\" class=\"elementor-tab-title\" data-tab=\"7\" role=\"button\" aria-controls=\"elementor-tab-content-3957\" aria-expanded=\"false\">\n\t\t\t\t\t\t\t\t\t\t\t\t<span class=\"elementor-toggle-icon elementor-toggle-icon-left\" aria-hidden=\"true\">\n\t\t\t\t\t\t\t\t\t\t\t\t\t\t\t<span class=\"elementor-toggle-icon-closed\"><i class=\"fas fa-caret-right\"><\/i><\/span>\n\t\t\t\t\t\t\t\t<span class=\"elementor-toggle-icon-opened\"><i class=\"elementor-toggle-icon-opened fas fa-caret-up\"><\/i><\/span>\n\t\t\t\t\t\t\t\t\t\t\t\t\t<\/span>\n\t\t\t\t\t\t\t\t\t\t\t\t<a class=\"elementor-toggle-title\" tabindex=\"0\">SUGGESTIONS DE REPAS<\/a>\n\t\t\t\t\t<\/div>\n\n\t\t\t\t\t<div id=\"elementor-tab-content-3957\" class=\"elementor-tab-content elementor-clearfix\" data-tab=\"7\" role=\"region\" aria-labelledby=\"elementor-tab-title-3957\"><div class=\"collapsibles-wrapper collapsibles-wrapper--border-bottom\"><div id=\"Product-content-meal-suggestion-6808476123336-6808476123336\" class=\"collapsible-content collapsible-content--all is-open\"><div class=\"collapsible-content__inner rte\"><div class=\"collapsibles-wrapper collapsibles-wrapper--border-bottom\"><div id=\"Product-content-meal-suggestion-2-6808475795656-6808475795656\" class=\"collapsible-content collapsible-content--all is-open\"><div class=\"collapsible-content__inner rte\"><div class=\"collapsibles-wrapper collapsibles-wrapper--border-bottom\"><div id=\"Product-content-meal-suggestion-9-6886250119368-6886250119368\" class=\"collapsible-content collapsible-content--all is-open\"><div class=\"collapsible-content__inner rte\"><div class=\"span4 widget-span widget-type-custom_widget dnd_area-module-5-padding dnd-module dnd_area-module-5-vertical-alignment\" data-widget-type=\"custom_widget\" data-x=\"4\" data-w=\"4\"><div id=\"hs_cos_wrapper_dnd_area-module-5\" class=\"hs_cos_wrapper hs_cos_wrapper_widget hs_cos_wrapper_type_module widget-type-rich_text\" data-hs-cos-general-type=\"widget\" data-hs-cos-type=\"module\"><main class=\"body-container-wrapper\"><div class=\"container-fluid body-container body-container--about\"><div class=\"row-fluid-wrapper\"><div class=\"row-fluid\"><div class=\"span12 widget-span widget-type-cell \" data-widget-type=\"cell\" data-x=\"0\" data-w=\"12\"><div class=\"row-fluid-wrapper row-depth-1 row-number-4 dnd_area-row-2-padding dnd-section dnd_area-row-2-vertical-alignment\"><div class=\"row-fluid \"><div class=\"span8 widget-span widget-type-custom_widget dnd_area-module-3-padding dnd-module dnd_area-module-3-vertical-alignment\" data-widget-type=\"custom_widget\" data-x=\"4\" data-w=\"8\"><div id=\"hs_cos_wrapper_dnd_area-module-3\" class=\"hs_cos_wrapper hs_cos_wrapper_widget hs_cos_wrapper_type_module widget-type-rich_text\" data-hs-cos-general-type=\"widget\" data-hs-cos-type=\"module\"><p>Viande rouge grill\u00e9e, fromage.<\/p><\/div><\/div><\/div><\/div><\/div><\/div><\/div><\/div><\/main><\/div><\/div><\/div><\/div><\/div><\/div><\/div><\/div><\/div><\/div><\/div><\/div>\n\t\t\t\t<\/div>\n\t\t\t\t\t\t\t\t<\/div>\n\t\t\t\t\t\t<\/div>\n\t\t\t\t<\/div>\n\t\t\t\t\t<\/div>\n\t\t<\/div>\n\t\t\t\t\t<\/div>\n\t\t<\/section>\n\t\t\t\t<section class=\"elementor-section elementor-top-section elementor-element elementor-element-8cbf6be elementor-section-boxed elementor-section-height-default elementor-section-height-default\" data-id=\"8cbf6be\" data-element_type=\"section\" data-e-type=\"section\" data-settings=\"{&quot;_ha_eqh_enable&quot;:false}\">\n\t\t\t\t\t\t<div class=\"elementor-container elementor-column-gap-default\">\n\t\t\t\t\t<div class=\"elementor-column elementor-col-100 elementor-top-column elementor-element elementor-element-235f5e9\" data-id=\"235f5e9\" data-element_type=\"column\" data-e-type=\"column\">\n\t\t\t<div class=\"elementor-widget-wrap elementor-element-populated\">\n\t\t\t\t\t\t<div class=\"elementor-element elementor-element-edad408 elementor-widget elementor-widget-text-editor\" data-id=\"edad408\" data-element_type=\"widget\" data-e-type=\"widget\" data-widget_type=\"text-editor.default\">\n\t\t\t\t<div class=\"elementor-widget-container\">\n\t\t\t\t\t\t\t\t\t<p>De la <a href=\"https:\/\/faulknerwine.com\/fr\/jules\/nos-vins\/\">Collection Jules<\/a><\/p>\t\t\t\t\t\t\t\t<\/div>\n\t\t\t\t<\/div>\n\t\t\t\t\t<\/div>\n\t\t<\/div>\n\t\t\t\t\t<\/div>\n\t\t<\/section>\n\t\t\t\t<\/div>\n\t\t","protected":false},"excerpt":{"rendered":"<p>JULES Malbec Cahors Rouge grenat profond aux reflets violets. Le nez offre des fruits rouges et noirs. M\u00eame profil aromatique dans une bouche riche, ample et suave. Un vin rond et gourmand. TERROIR Argilo-calcaire avec exposition sud et sud-ouest \u00e0 une altitude de 90-110 m\u00e8tres. CLIMAT La maturit\u00e9 ph\u00e9nolique a \u00e9t\u00e9 atteinte lentement mais enti\u00e8rement [&hellip;]<\/p>\n","protected":false},"author":2,"featured_media":0,"parent":7541,"menu_order":0,"comment_status":"closed","ping_status":"closed","template":"","meta":{"om_disable_all_campaigns":false,"footnotes":""},"class_list":["post-7633","page","type-page","status-publish","hentry"],"_links":{"self":[{"href":"https:\/\/faulknerwine.com\/fr\/wp-json\/wp\/v2\/pages\/7633","targetHints":{"allow":["GET"]}}],"collection":[{"href":"https:\/\/faulknerwine.com\/fr\/wp-json\/wp\/v2\/pages"}],"about":[{"href":"https:\/\/faulknerwine.com\/fr\/wp-json\/wp\/v2\/types\/page"}],"author":[{"embeddable":true,"href":"https:\/\/faulknerwine.com\/fr\/wp-json\/wp\/v2\/users\/2"}],"replies":[{"embeddable":true,"href":"https:\/\/faulknerwine.com\/fr\/wp-json\/wp\/v2\/comments?post=7633"}],"version-history":[{"count":0,"href":"https:\/\/faulknerwine.com\/fr\/wp-json\/wp\/v2\/pages\/7633\/revisions"}],"up":[{"embeddable":true,"href":"https:\/\/faulknerwine.com\/fr\/wp-json\/wp\/v2\/pages\/7541"}],"wp:attachment":[{"href":"https:\/\/faulknerwine.com\/fr\/wp-json\/wp\/v2\/media?parent=7633"}],"curies":[{"name":"wp","href":"https:\/\/api.w.org\/{rel}","templated":true}]}}