{"id":7701,"date":"2022-01-05T10:59:03","date_gmt":"2022-01-05T10:59:03","guid":{"rendered":"https:\/\/faulknerwine.dreamhosters.com\/saint-julian\/aop-cotes-de-provence\/"},"modified":"2022-06-13T10:50:55","modified_gmt":"2022-06-13T10:50:55","slug":"aop-cotes-de-provence","status":"publish","type":"page","link":"https:\/\/faulknerwine.com\/fr\/saint-julian\/aop-cotes-de-provence\/","title":{"rendered":"AOP C\u00f4tes de Provence"},"content":{"rendered":"\t\t<div data-elementor-type=\"wp-page\" data-elementor-id=\"7701\" class=\"elementor elementor-7701 elementor-2605\" data-elementor-settings=\"{&quot;ha_cmc_init_switcher&quot;:&quot;no&quot;}\" data-elementor-post-type=\"page\">\n\t\t\t\t\t\t<section class=\"elementor-section elementor-top-section elementor-element elementor-element-3e5ec96 elementor-section-boxed elementor-section-height-default elementor-section-height-default\" data-id=\"3e5ec96\" data-element_type=\"section\" data-e-type=\"section\" data-settings=\"{&quot;_ha_eqh_enable&quot;:false}\">\n\t\t\t\t\t\t<div class=\"elementor-container elementor-column-gap-default\">\n\t\t\t\t\t<div class=\"elementor-column elementor-col-50 elementor-top-column elementor-element elementor-element-b90aa12 animated-slow elementor-invisible\" data-id=\"b90aa12\" data-element_type=\"column\" data-e-type=\"column\" data-settings=\"{&quot;animation&quot;:&quot;fadeIn&quot;}\">\n\t\t\t<div class=\"elementor-widget-wrap elementor-element-populated\">\n\t\t\t\t\t\t<div class=\"elementor-element elementor-element-050e4f0 elementor-widget elementor-widget-image\" data-id=\"050e4f0\" data-element_type=\"widget\" data-e-type=\"widget\" data-widget_type=\"image.default\">\n\t\t\t\t<div class=\"elementor-widget-container\">\n\t\t\t\t\t\t\t\t\t\t\t\t\t\t\t<img decoding=\"async\" src=\"https:\/\/faulknerwine.com\/wp-content\/uploads\/elementor\/thumbs\/s-julian-aop-pikaeuaj1xglihke4wygbjq9gadr8p6tn2ub6xa8yc.png\" title=\"s-julian-aop\" alt=\"s-julian-aop\" loading=\"lazy\" \/>\t\t\t\t\t\t\t\t\t\t\t\t\t\t\t<\/div>\n\t\t\t\t<\/div>\n\t\t\t\t\t<\/div>\n\t\t<\/div>\n\t\t\t\t<div class=\"elementor-column elementor-col-50 elementor-top-column elementor-element elementor-element-df8542c animated-slow elementor-invisible\" data-id=\"df8542c\" data-element_type=\"column\" data-e-type=\"column\" data-settings=\"{&quot;animation&quot;:&quot;fadeIn&quot;}\">\n\t\t\t<div class=\"elementor-widget-wrap elementor-element-populated\">\n\t\t\t\t\t\t<div class=\"elementor-element elementor-element-86a9b2b elementor-widget elementor-widget-heading\" data-id=\"86a9b2b\" data-element_type=\"widget\" data-e-type=\"widget\" data-widget_type=\"heading.default\">\n\t\t\t\t<div class=\"elementor-widget-container\">\n\t\t\t\t\t<h2 class=\"elementor-heading-title elementor-size-default\">SAINT JULIAN<\/h2>\t\t\t\t<\/div>\n\t\t\t\t<\/div>\n\t\t\t\t<div class=\"elementor-element elementor-element-7655385 elementor-widget elementor-widget-heading\" data-id=\"7655385\" data-element_type=\"widget\" data-e-type=\"widget\" data-widget_type=\"heading.default\">\n\t\t\t\t<div class=\"elementor-widget-container\">\n\t\t\t\t\t<h1 class=\"elementor-heading-title elementor-size-default\">AOP C\u00f4tes de Provence<\/h1>\t\t\t\t<\/div>\n\t\t\t\t<\/div>\n\t\t\t\t<div class=\"elementor-element elementor-element-d31bc24 elementor-widget elementor-widget-text-editor\" data-id=\"d31bc24\" data-element_type=\"widget\" data-e-type=\"widget\" data-widget_type=\"text-editor.default\">\n\t\t\t\t<div class=\"elementor-widget-container\">\n\t\t\t\t\t\t\t\t\t<div class=\"product-single__description rte\"><div class=\"row-fluid-wrapper row-depth-1 row-number-2 dnd_area-row-1-padding dnd_area-row-1-vertical-alignment dnd_area-row-1-background-color dnd-section\"><div class=\"row-fluid\"><div class=\"span12 widget-span widget-type-custom_widget dnd_area-module-2-vertical-alignment dnd-module\" data-widget-type=\"custom_widget\" data-x=\"0\" data-w=\"12\"><div id=\"hs_cos_wrapper_dnd_area-module-2\" class=\"hs_cos_wrapper hs_cos_wrapper_widget hs_cos_wrapper_type_module widget-type-rich_text\" data-hs-cos-general-type=\"widget\" data-hs-cos-type=\"module\"><div class=\"product-single__description rte\"><div class=\"row-fluid-wrapper row-depth-1 row-number-2 dnd_area-row-1-padding dnd_area-row-1-vertical-alignment dnd_area-row-1-background-color dnd-section\"><div class=\"row-fluid\"><div class=\"span12 widget-span widget-type-custom_widget dnd_area-module-2-vertical-alignment dnd-module\" data-w=\"12\" data-x=\"0\" data-widget-type=\"custom_widget\"><div id=\"hs_cos_wrapper_dnd_area-module-2\" class=\"hs_cos_wrapper hs_cos_wrapper_widget hs_cos_wrapper_type_module widget-type-rich_text\" data-hs-cos-type=\"module\" data-hs-cos-general-type=\"widget\"><div class=\"product-single__description rte\"><div class=\"row-fluid-wrapper row-depth-1 row-number-2 dnd_area-row-1-padding dnd_area-row-1-vertical-alignment dnd_area-row-1-background-color dnd-section\"><div class=\"row-fluid\"><div class=\"span12 widget-span widget-type-custom_widget dnd_area-module-2-vertical-alignment dnd-module\" data-widget-type=\"custom_widget\" data-x=\"0\" data-w=\"12\"><div id=\"hs_cos_wrapper_dnd_area-module-2\" class=\"hs_cos_wrapper hs_cos_wrapper_widget hs_cos_wrapper_type_module widget-type-rich_text\" data-hs-cos-general-type=\"widget\" data-hs-cos-type=\"module\"><div class=\"row-fluid-wrapper row-depth-1 row-number-2 dnd_area-row-1-padding dnd_area-row-1-vertical-alignment dnd_area-row-1-background-color dnd-section\"><div class=\"row-fluid \"><div class=\"span12 widget-span widget-type-custom_widget dnd_area-module-2-vertical-alignment dnd-module\" data-widget-type=\"custom_widget\" data-x=\"0\" data-w=\"12\"><div id=\"hs_cos_wrapper_dnd_area-module-2\" class=\"hs_cos_wrapper hs_cos_wrapper_widget hs_cos_wrapper_type_module widget-type-rich_text\" data-hs-cos-general-type=\"widget\" data-hs-cos-type=\"module\"><div class=\"row-fluid-wrapper row-depth-1 row-number-3 dnd_area-row-1-padding dnd_area-row-1-background-color dnd-section\"><div class=\"row-fluid \"><div class=\"span12 widget-span widget-type-custom_widget dnd-module\" data-widget-type=\"custom_widget\" data-x=\"0\" data-w=\"12\"><div id=\"hs_cos_wrapper_widget_1612972595414\" class=\"hs_cos_wrapper hs_cos_wrapper_widget hs_cos_wrapper_type_module widget-type-rich_text\" data-hs-cos-general-type=\"widget\" data-hs-cos-type=\"module\"><p>Sec et fruit\u00e9, ce ros\u00e9 s\u00e9duit par son expression aromatique, son \u00e9l\u00e9gance et sa fra\u00eecheur. Issu du c\u0153ur de la Provence sur le domaine familial de Julian Faulkner, ce ros\u00e9 offre la quintessence aromatique du Cinsault, du Cabernet, du Carignan et du Grenache, et un savant \u00e9quilibre entre caract\u00e8re et \u00e9l\u00e9gance.<\/p><\/div><\/div><\/div><\/div><\/div><\/div><\/div><\/div><\/div><\/div><\/div><\/div><\/div><\/div><\/div><\/div><\/div><\/div><\/div><\/div><\/div><\/div><\/div>\t\t\t\t\t\t\t\t<\/div>\n\t\t\t\t<\/div>\n\t\t\t\t<div class=\"elementor-element elementor-element-bbf4a63 elementor-widget elementor-widget-toggle\" data-id=\"bbf4a63\" data-element_type=\"widget\" data-e-type=\"widget\" data-widget_type=\"toggle.default\">\n\t\t\t\t<div class=\"elementor-widget-container\">\n\t\t\t\t\t\t\t<div class=\"elementor-toggle\">\n\t\t\t\t\t\t\t<div class=\"elementor-toggle-item\">\n\t\t\t\t\t<div id=\"elementor-tab-title-1971\" class=\"elementor-tab-title\" data-tab=\"1\" role=\"button\" aria-controls=\"elementor-tab-content-1971\" aria-expanded=\"false\">\n\t\t\t\t\t\t\t\t\t\t\t\t<span class=\"elementor-toggle-icon elementor-toggle-icon-left\" aria-hidden=\"true\">\n\t\t\t\t\t\t\t\t\t\t\t\t\t\t\t<span class=\"elementor-toggle-icon-closed\"><i class=\"fas fa-caret-right\"><\/i><\/span>\n\t\t\t\t\t\t\t\t<span class=\"elementor-toggle-icon-opened\"><i class=\"elementor-toggle-icon-opened fas fa-caret-up\"><\/i><\/span>\n\t\t\t\t\t\t\t\t\t\t\t\t\t<\/span>\n\t\t\t\t\t\t\t\t\t\t\t\t<a class=\"elementor-toggle-title\" tabindex=\"0\">CLIMAT<\/a>\n\t\t\t\t\t<\/div>\n\n\t\t\t\t\t<div id=\"elementor-tab-content-1971\" class=\"elementor-tab-content elementor-clearfix\" data-tab=\"1\" role=\"region\" aria-labelledby=\"elementor-tab-title-1971\"><div id=\"Product-content-climate-6808476123336-6808476123336\" class=\"collapsible-content collapsible-content--all is-open\"><div class=\"collapsible-content__inner rte\"><div id=\"Product-content-climate-7-6808475795656-6808475795656\" class=\"collapsible-content collapsible-content--all is-open\"><div class=\"collapsible-content__inner rte\"><div id=\"Product-content-climate-13-6886250119368-6886250119368\" class=\"collapsible-content collapsible-content--all is-open\"><div class=\"collapsible-content__inner rte\"><p>Apr\u00e8s une ann\u00e9e historiquement s\u00e8che, 2018 a \u00e9t\u00e9 marqu\u00e9e par de longues pluies abondantes jusqu&rsquo;\u00e0 l&rsquo;\u00e9t\u00e9. C&rsquo;\u00e9tait l&rsquo;ann\u00e9e du vigneron. Il a fallu beaucoup de rigueur pour ma\u00eetriser le mildiou explosif, h\u00e9las un orage de gr\u00eale a ravag\u00e9 une partie du vignoble. Mais tous les efforts d\u00e9ploy\u00e9s ont pleinement profit\u00e9 des parcelles sauv\u00e9es. Les raisins sains ont pu attendre leur pleine maturit\u00e9.<\/p><\/div><\/div><\/div><\/div><\/div><\/div><\/div>\n\t\t\t\t<\/div>\n\t\t\t\t\t\t\t<div class=\"elementor-toggle-item\">\n\t\t\t\t\t<div id=\"elementor-tab-title-1972\" class=\"elementor-tab-title\" data-tab=\"2\" role=\"button\" aria-controls=\"elementor-tab-content-1972\" aria-expanded=\"false\">\n\t\t\t\t\t\t\t\t\t\t\t\t<span class=\"elementor-toggle-icon elementor-toggle-icon-left\" aria-hidden=\"true\">\n\t\t\t\t\t\t\t\t\t\t\t\t\t\t\t<span class=\"elementor-toggle-icon-closed\"><i class=\"fas fa-caret-right\"><\/i><\/span>\n\t\t\t\t\t\t\t\t<span class=\"elementor-toggle-icon-opened\"><i class=\"elementor-toggle-icon-opened fas fa-caret-up\"><\/i><\/span>\n\t\t\t\t\t\t\t\t\t\t\t\t\t<\/span>\n\t\t\t\t\t\t\t\t\t\t\t\t<a class=\"elementor-toggle-title\" tabindex=\"0\">C\u00c9PAGES<\/a>\n\t\t\t\t\t<\/div>\n\n\t\t\t\t\t<div id=\"elementor-tab-content-1972\" class=\"elementor-tab-content elementor-clearfix\" data-tab=\"2\" role=\"region\" aria-labelledby=\"elementor-tab-title-1972\"><div id=\"Product-content-grape-varieties-6808476123336-6808476123336\" class=\"collapsible-content collapsible-content--all is-open\"><div class=\"collapsible-content__inner rte\"><div id=\"Product-content-grape-varieties-3-6808475795656-6808475795656\" class=\"collapsible-content collapsible-content--all is-open\"><div class=\"collapsible-content__inner rte\"><div id=\"Product-content-grape-varieties-2-6886250119368-6886250119368\" class=\"collapsible-content collapsible-content--all is-open\"><div class=\"collapsible-content__inner rte\"><p>Cinsault, Grenache, Syrah, Rolle.<\/p><\/div><\/div><\/div><\/div><\/div><\/div><\/div>\n\t\t\t\t<\/div>\n\t\t\t\t\t\t\t<div class=\"elementor-toggle-item\">\n\t\t\t\t\t<div id=\"elementor-tab-title-1973\" class=\"elementor-tab-title\" data-tab=\"3\" role=\"button\" aria-controls=\"elementor-tab-content-1973\" aria-expanded=\"false\">\n\t\t\t\t\t\t\t\t\t\t\t\t<span class=\"elementor-toggle-icon elementor-toggle-icon-left\" aria-hidden=\"true\">\n\t\t\t\t\t\t\t\t\t\t\t\t\t\t\t<span class=\"elementor-toggle-icon-closed\"><i class=\"fas fa-caret-right\"><\/i><\/span>\n\t\t\t\t\t\t\t\t<span class=\"elementor-toggle-icon-opened\"><i class=\"elementor-toggle-icon-opened fas fa-caret-up\"><\/i><\/span>\n\t\t\t\t\t\t\t\t\t\t\t\t\t<\/span>\n\t\t\t\t\t\t\t\t\t\t\t\t<a class=\"elementor-toggle-title\" tabindex=\"0\">NOTES DE DEGUSTATION<\/a>\n\t\t\t\t\t<\/div>\n\n\t\t\t\t\t<div id=\"elementor-tab-content-1973\" class=\"elementor-tab-content elementor-clearfix\" data-tab=\"3\" role=\"region\" aria-labelledby=\"elementor-tab-title-1973\"><div id=\"Product-content-grape-varieties-6808476123336-6808476123336\" class=\"collapsible-content collapsible-content--all is-open\"><div class=\"collapsible-content__inner rte\"><div id=\"Product-content-grape-varieties-3-6808475795656-6808475795656\" class=\"collapsible-content collapsible-content--all is-open\"><div class=\"collapsible-content__inner rte\"><div id=\"Product-content-grape-varieties-2-6886250119368-6886250119368\" class=\"collapsible-content collapsible-content--all is-open\"><div class=\"collapsible-content__inner rte\"><p>Une teinte p\u00eache claire. Le nez porte des ar\u00f4mes zest\u00e9s de litchi et de pomelo. La bouche est d&rsquo;abord fra\u00eeche suivie d&rsquo;une sensation de rondeur, suivie d&rsquo;une longue finale fruit\u00e9e de poires et de melons.<\/p><\/div><\/div><\/div><\/div><\/div><\/div><\/div>\n\t\t\t\t<\/div>\n\t\t\t\t\t\t\t<div class=\"elementor-toggle-item\">\n\t\t\t\t\t<div id=\"elementor-tab-title-1974\" class=\"elementor-tab-title\" data-tab=\"4\" role=\"button\" aria-controls=\"elementor-tab-content-1974\" aria-expanded=\"false\">\n\t\t\t\t\t\t\t\t\t\t\t\t<span class=\"elementor-toggle-icon elementor-toggle-icon-left\" aria-hidden=\"true\">\n\t\t\t\t\t\t\t\t\t\t\t\t\t\t\t<span class=\"elementor-toggle-icon-closed\"><i class=\"fas fa-caret-right\"><\/i><\/span>\n\t\t\t\t\t\t\t\t<span class=\"elementor-toggle-icon-opened\"><i class=\"elementor-toggle-icon-opened fas fa-caret-up\"><\/i><\/span>\n\t\t\t\t\t\t\t\t\t\t\t\t\t<\/span>\n\t\t\t\t\t\t\t\t\t\t\t\t<a class=\"elementor-toggle-title\" tabindex=\"0\">SUGGESTIONS DE REPAS<\/a>\n\t\t\t\t\t<\/div>\n\n\t\t\t\t\t<div id=\"elementor-tab-content-1974\" class=\"elementor-tab-content elementor-clearfix\" data-tab=\"4\" role=\"region\" aria-labelledby=\"elementor-tab-title-1974\"><div class=\"collapsibles-wrapper collapsibles-wrapper--border-bottom\"><div id=\"Product-content-meal-suggestion-6808476123336-6808476123336\" class=\"collapsible-content collapsible-content--all is-open\"><div class=\"collapsible-content__inner rte\"><div class=\"collapsibles-wrapper collapsibles-wrapper--border-bottom\"><div id=\"Product-content-meal-suggestion-2-6808475795656-6808475795656\" class=\"collapsible-content collapsible-content--all is-open\"><div class=\"collapsible-content__inner rte\"><div class=\"collapsibles-wrapper collapsibles-wrapper--border-bottom\"><div id=\"Product-content-meal-suggestion-9-6886250119368-6886250119368\" class=\"collapsible-content collapsible-content--all is-open\"><div class=\"collapsible-content__inner rte\"><div class=\"span4 widget-span widget-type-custom_widget dnd_area-module-5-padding dnd-module dnd_area-module-5-vertical-alignment\" data-widget-type=\"custom_widget\" data-x=\"4\" data-w=\"4\"><div id=\"hs_cos_wrapper_dnd_area-module-5\" class=\"hs_cos_wrapper hs_cos_wrapper_widget hs_cos_wrapper_type_module widget-type-rich_text\" data-hs-cos-general-type=\"widget\" data-hs-cos-type=\"module\"><main class=\"body-container-wrapper\"><div class=\"container-fluid body-container body-container--about\"><div class=\"row-fluid-wrapper\"><div class=\"row-fluid\"><div class=\"span12 widget-span widget-type-cell \" data-widget-type=\"cell\" data-x=\"0\" data-w=\"12\"><div class=\"row-fluid-wrapper row-depth-1 row-number-4 dnd_area-row-2-padding dnd-section dnd_area-row-2-vertical-alignment\"><div class=\"row-fluid \"><div class=\"span8 widget-span widget-type-custom_widget dnd_area-module-3-padding dnd-module dnd_area-module-3-vertical-alignment\" data-widget-type=\"custom_widget\" data-x=\"4\" data-w=\"8\"><div id=\"hs_cos_wrapper_dnd_area-module-3\" class=\"hs_cos_wrapper hs_cos_wrapper_widget hs_cos_wrapper_type_module widget-type-rich_text\" data-hs-cos-general-type=\"widget\" data-hs-cos-type=\"module\"><p>Rouget, ap\u00e9ritif, plats proven\u00e7aux, pot\u00e9e de l\u00e9gumes.<\/p><\/div><\/div><\/div><\/div><\/div><\/div><\/div><\/div><\/main><\/div><\/div><\/div><\/div><\/div><\/div><\/div><\/div><\/div><\/div><\/div><\/div>\n\t\t\t\t<\/div>\n\t\t\t\t\t\t\t\t<\/div>\n\t\t\t\t\t\t<\/div>\n\t\t\t\t<\/div>\n\t\t\t\t\t<\/div>\n\t\t<\/div>\n\t\t\t\t\t<\/div>\n\t\t<\/section>\n\t\t\t\t<section class=\"elementor-section elementor-top-section elementor-element elementor-element-d06d6c3 elementor-section-boxed elementor-section-height-default elementor-section-height-default\" data-id=\"d06d6c3\" data-element_type=\"section\" data-e-type=\"section\" data-settings=\"{&quot;_ha_eqh_enable&quot;:false}\">\n\t\t\t\t\t\t<div class=\"elementor-container elementor-column-gap-default\">\n\t\t\t\t\t<div class=\"elementor-column elementor-col-100 elementor-top-column elementor-element elementor-element-10292c2\" data-id=\"10292c2\" data-element_type=\"column\" data-e-type=\"column\">\n\t\t\t<div class=\"elementor-widget-wrap elementor-element-populated\">\n\t\t\t\t\t\t<div class=\"elementor-element elementor-element-d135f02 elementor-widget elementor-widget-text-editor\" data-id=\"d135f02\" data-element_type=\"widget\" data-e-type=\"widget\" data-widget_type=\"text-editor.default\">\n\t\t\t\t<div class=\"elementor-widget-container\">\n\t\t\t\t\t\t\t\t\t<p>De la <a href=\"https:\/\/faulknerwine.com\/fr\/saint-julian\/nos-vins\/\">collection Saint Julian<\/a><\/p>\t\t\t\t\t\t\t\t<\/div>\n\t\t\t\t<\/div>\n\t\t\t\t\t<\/div>\n\t\t<\/div>\n\t\t\t\t\t<\/div>\n\t\t<\/section>\n\t\t\t\t<\/div>\n\t\t","protected":false},"excerpt":{"rendered":"<p>SAINT JULIAN AOP C\u00f4tes de Provence Sec et fruit\u00e9, ce ros\u00e9 s\u00e9duit par son expression aromatique, son \u00e9l\u00e9gance et sa fra\u00eecheur. Issu du c\u0153ur de la Provence sur le domaine familial de Julian Faulkner, ce ros\u00e9 offre la quintessence aromatique du Cinsault, du Cabernet, du Carignan et du Grenache, et un savant \u00e9quilibre entre caract\u00e8re [&hellip;]<\/p>\n","protected":false},"author":2,"featured_media":0,"parent":7281,"menu_order":0,"comment_status":"closed","ping_status":"closed","template":"","meta":{"om_disable_all_campaigns":false,"footnotes":""},"class_list":["post-7701","page","type-page","status-publish","hentry"],"_links":{"self":[{"href":"https:\/\/faulknerwine.com\/fr\/wp-json\/wp\/v2\/pages\/7701","targetHints":{"allow":["GET"]}}],"collection":[{"href":"https:\/\/faulknerwine.com\/fr\/wp-json\/wp\/v2\/pages"}],"about":[{"href":"https:\/\/faulknerwine.com\/fr\/wp-json\/wp\/v2\/types\/page"}],"author":[{"embeddable":true,"href":"https:\/\/faulknerwine.com\/fr\/wp-json\/wp\/v2\/users\/2"}],"replies":[{"embeddable":true,"href":"https:\/\/faulknerwine.com\/fr\/wp-json\/wp\/v2\/comments?post=7701"}],"version-history":[{"count":0,"href":"https:\/\/faulknerwine.com\/fr\/wp-json\/wp\/v2\/pages\/7701\/revisions"}],"up":[{"embeddable":true,"href":"https:\/\/faulknerwine.com\/fr\/wp-json\/wp\/v2\/pages\/7281"}],"wp:attachment":[{"href":"https:\/\/faulknerwine.com\/fr\/wp-json\/wp\/v2\/media?parent=7701"}],"curies":[{"name":"wp","href":"https:\/\/api.w.org\/{rel}","templated":true}]}}