{"id":7703,"date":"2022-01-05T11:10:29","date_gmt":"2022-01-05T11:10:29","guid":{"rendered":"https:\/\/faulknerwine.dreamhosters.com\/saint-julian\/igp-mediterranee\/"},"modified":"2022-06-13T10:51:10","modified_gmt":"2022-06-13T10:51:10","slug":"igp-mediterranee","status":"publish","type":"page","link":"https:\/\/faulknerwine.com\/fr\/saint-julian\/igp-mediterranee\/","title":{"rendered":"IGP M\u00e9diterran\u00e9e"},"content":{"rendered":"\t\t<div data-elementor-type=\"wp-page\" data-elementor-id=\"7703\" class=\"elementor elementor-7703 elementor-2620\" data-elementor-settings=\"{&quot;ha_cmc_init_switcher&quot;:&quot;no&quot;}\" data-elementor-post-type=\"page\">\n\t\t\t\t\t\t<section class=\"elementor-section elementor-top-section elementor-element elementor-element-f756391 elementor-section-boxed elementor-section-height-default elementor-section-height-default\" data-id=\"f756391\" data-element_type=\"section\" data-e-type=\"section\" data-settings=\"{&quot;_ha_eqh_enable&quot;:false}\">\n\t\t\t\t\t\t<div class=\"elementor-container elementor-column-gap-default\">\n\t\t\t\t\t<div class=\"elementor-column elementor-col-50 elementor-top-column elementor-element elementor-element-f0da917 animated-slow elementor-invisible\" data-id=\"f0da917\" data-element_type=\"column\" data-e-type=\"column\" data-settings=\"{&quot;animation&quot;:&quot;fadeIn&quot;}\">\n\t\t\t<div class=\"elementor-widget-wrap elementor-element-populated\">\n\t\t\t\t\t\t<div class=\"elementor-element elementor-element-a372094 elementor-widget elementor-widget-image\" data-id=\"a372094\" data-element_type=\"widget\" data-e-type=\"widget\" data-widget_type=\"image.default\">\n\t\t\t\t<div class=\"elementor-widget-container\">\n\t\t\t\t\t\t\t\t\t\t\t\t\t\t\t<img decoding=\"async\" src=\"https:\/\/faulknerwine.com\/wp-content\/uploads\/elementor\/thumbs\/s-julian-igp-pikaf1t8klqw3d9gx07gvhty7dcoya0oc42714z3kk.png\" title=\"s-julian-igp\" alt=\"s-julian-igp\" loading=\"lazy\" \/>\t\t\t\t\t\t\t\t\t\t\t\t\t\t\t<\/div>\n\t\t\t\t<\/div>\n\t\t\t\t\t<\/div>\n\t\t<\/div>\n\t\t\t\t<div class=\"elementor-column elementor-col-50 elementor-top-column elementor-element elementor-element-68b78e7 animated-slow elementor-invisible\" data-id=\"68b78e7\" data-element_type=\"column\" data-e-type=\"column\" data-settings=\"{&quot;animation&quot;:&quot;fadeIn&quot;}\">\n\t\t\t<div class=\"elementor-widget-wrap elementor-element-populated\">\n\t\t\t\t\t\t<div class=\"elementor-element elementor-element-1da73fa elementor-widget elementor-widget-heading\" data-id=\"1da73fa\" data-element_type=\"widget\" data-e-type=\"widget\" data-widget_type=\"heading.default\">\n\t\t\t\t<div class=\"elementor-widget-container\">\n\t\t\t\t\t<h2 class=\"elementor-heading-title elementor-size-default\">SAINT JULIAN<\/h2>\t\t\t\t<\/div>\n\t\t\t\t<\/div>\n\t\t\t\t<div class=\"elementor-element elementor-element-f6b95b0 elementor-widget elementor-widget-heading\" data-id=\"f6b95b0\" data-element_type=\"widget\" data-e-type=\"widget\" data-widget_type=\"heading.default\">\n\t\t\t\t<div class=\"elementor-widget-container\">\n\t\t\t\t\t<h1 class=\"elementor-heading-title elementor-size-default\">IGP M\u00e9diterran\u00e9e<\/h1>\t\t\t\t<\/div>\n\t\t\t\t<\/div>\n\t\t\t\t<div class=\"elementor-element elementor-element-6d44710 elementor-widget elementor-widget-text-editor\" data-id=\"6d44710\" data-element_type=\"widget\" data-e-type=\"widget\" data-widget_type=\"text-editor.default\">\n\t\t\t\t<div class=\"elementor-widget-container\">\n\t\t\t\t\t\t\t\t\t<div class=\"product-single__description rte\"><div class=\"row-fluid-wrapper row-depth-1 row-number-2 dnd_area-row-1-padding dnd_area-row-1-vertical-alignment dnd_area-row-1-background-color dnd-section\"><div class=\"row-fluid\"><div class=\"span12 widget-span widget-type-custom_widget dnd_area-module-2-vertical-alignment dnd-module\" data-widget-type=\"custom_widget\" data-x=\"0\" data-w=\"12\"><div id=\"hs_cos_wrapper_dnd_area-module-2\" class=\"hs_cos_wrapper hs_cos_wrapper_widget hs_cos_wrapper_type_module widget-type-rich_text\" data-hs-cos-general-type=\"widget\" data-hs-cos-type=\"module\"><div class=\"product-single__description rte\"><div class=\"row-fluid-wrapper row-depth-1 row-number-2 dnd_area-row-1-padding dnd_area-row-1-vertical-alignment dnd_area-row-1-background-color dnd-section\"><div class=\"row-fluid\"><div class=\"span12 widget-span widget-type-custom_widget dnd_area-module-2-vertical-alignment dnd-module\" data-w=\"12\" data-x=\"0\" data-widget-type=\"custom_widget\"><div id=\"hs_cos_wrapper_dnd_area-module-2\" class=\"hs_cos_wrapper hs_cos_wrapper_widget hs_cos_wrapper_type_module widget-type-rich_text\" data-hs-cos-type=\"module\" data-hs-cos-general-type=\"widget\"><div class=\"product-single__description rte\"><div class=\"row-fluid-wrapper row-depth-1 row-number-2 dnd_area-row-1-padding dnd_area-row-1-vertical-alignment dnd_area-row-1-background-color dnd-section\"><div class=\"row-fluid\"><div class=\"span12 widget-span widget-type-custom_widget dnd_area-module-2-vertical-alignment dnd-module\" data-widget-type=\"custom_widget\" data-x=\"0\" data-w=\"12\"><div id=\"hs_cos_wrapper_dnd_area-module-2\" class=\"hs_cos_wrapper hs_cos_wrapper_widget hs_cos_wrapper_type_module widget-type-rich_text\" data-hs-cos-general-type=\"widget\" data-hs-cos-type=\"module\"><div class=\"row-fluid-wrapper row-depth-1 row-number-2 dnd_area-row-1-padding dnd_area-row-1-vertical-alignment dnd_area-row-1-background-color dnd-section\"><div class=\"row-fluid \"><div class=\"span12 widget-span widget-type-custom_widget dnd_area-module-2-vertical-alignment dnd-module\" data-widget-type=\"custom_widget\" data-x=\"0\" data-w=\"12\"><div id=\"hs_cos_wrapper_dnd_area-module-2\" class=\"hs_cos_wrapper hs_cos_wrapper_widget hs_cos_wrapper_type_module widget-type-rich_text\" data-hs-cos-general-type=\"widget\" data-hs-cos-type=\"module\"><div class=\"row-fluid-wrapper row-depth-1 row-number-3 dnd_area-row-1-padding dnd_area-row-1-background-color dnd-section\"><div class=\"row-fluid \"><div class=\"span12 widget-span widget-type-custom_widget dnd-module\" data-widget-type=\"custom_widget\" data-x=\"0\" data-w=\"12\"><div id=\"hs_cos_wrapper_widget_1612972595414\" class=\"hs_cos_wrapper hs_cos_wrapper_widget hs_cos_wrapper_type_module widget-type-rich_text\" data-hs-cos-general-type=\"widget\" data-hs-cos-type=\"module\"><div class=\"row-fluid-wrapper row-depth-1 row-number-3 dnd_area-row-1-padding dnd_area-row-1-background-color dnd-section\"><div class=\"row-fluid \"><div class=\"span12 widget-span widget-type-custom_widget dnd-module\" data-widget-type=\"custom_widget\" data-x=\"0\" data-w=\"12\"><div id=\"hs_cos_wrapper_widget_1612972595414\" class=\"hs_cos_wrapper hs_cos_wrapper_widget hs_cos_wrapper_type_module widget-type-rich_text\" data-hs-cos-general-type=\"widget\" data-hs-cos-type=\"module\"><p>Une rose rose saumon clair. Le nez est agr\u00e9able et simple, avec des ar\u00f4mes de fraise et une touche de min\u00e9ralit\u00e9. L&rsquo;\u00e9quilibre est sur la fra\u00eecheur, une expression fruit\u00e9e et une finale poivr\u00e9e. Un vin simple et frais.<\/p><\/div><\/div><\/div><\/div><\/div><\/div><\/div><\/div><\/div><\/div><\/div><\/div><\/div><\/div><\/div><\/div><\/div><\/div><\/div><\/div><\/div><\/div><\/div><\/div><\/div><\/div><\/div>\t\t\t\t\t\t\t\t<\/div>\n\t\t\t\t<\/div>\n\t\t\t\t<div class=\"elementor-element elementor-element-9f05a20 elementor-widget elementor-widget-toggle\" data-id=\"9f05a20\" data-element_type=\"widget\" data-e-type=\"widget\" data-widget_type=\"toggle.default\">\n\t\t\t\t<div class=\"elementor-widget-container\">\n\t\t\t\t\t\t\t<div class=\"elementor-toggle\">\n\t\t\t\t\t\t\t<div class=\"elementor-toggle-item\">\n\t\t\t\t\t<div id=\"elementor-tab-title-1661\" class=\"elementor-tab-title\" data-tab=\"1\" role=\"button\" aria-controls=\"elementor-tab-content-1661\" aria-expanded=\"false\">\n\t\t\t\t\t\t\t\t\t\t\t\t<span class=\"elementor-toggle-icon elementor-toggle-icon-left\" aria-hidden=\"true\">\n\t\t\t\t\t\t\t\t\t\t\t\t\t\t\t<span class=\"elementor-toggle-icon-closed\"><i class=\"fas fa-caret-right\"><\/i><\/span>\n\t\t\t\t\t\t\t\t<span class=\"elementor-toggle-icon-opened\"><i class=\"elementor-toggle-icon-opened fas fa-caret-up\"><\/i><\/span>\n\t\t\t\t\t\t\t\t\t\t\t\t\t<\/span>\n\t\t\t\t\t\t\t\t\t\t\t\t<a class=\"elementor-toggle-title\" tabindex=\"0\">CLIMAT<\/a>\n\t\t\t\t\t<\/div>\n\n\t\t\t\t\t<div id=\"elementor-tab-content-1661\" class=\"elementor-tab-content elementor-clearfix\" data-tab=\"1\" role=\"region\" aria-labelledby=\"elementor-tab-title-1661\"><div id=\"Product-content-climate-6808476123336-6808476123336\" class=\"collapsible-content collapsible-content--all is-open\"><div class=\"collapsible-content__inner rte\"><div id=\"Product-content-climate-7-6808475795656-6808475795656\" class=\"collapsible-content collapsible-content--all is-open\"><div class=\"collapsible-content__inner rte\"><div id=\"Product-content-climate-13-6886250119368-6886250119368\" class=\"collapsible-content collapsible-content--all is-open\"><div class=\"collapsible-content__inner rte\"><p>Apr\u00e8s une ann\u00e9e historiquement s\u00e8che, 2018 a \u00e9t\u00e9 marqu\u00e9e par de longues pluies abondantes jusqu&rsquo;\u00e0 l&rsquo;\u00e9t\u00e9. C&rsquo;\u00e9tait l&rsquo;ann\u00e9e du vigneron. Il a fallu beaucoup de rigueur pour ma\u00eetriser le mildiou explosif, h\u00e9las un orage de gr\u00eale a ravag\u00e9 une partie du vignoble. Mais tous les efforts d\u00e9ploy\u00e9s ont pleinement profit\u00e9 des parcelles sauv\u00e9es. Les raisins sains ont pu attendre leur pleine maturit\u00e9.<\/p><\/div><\/div><\/div><\/div><\/div><\/div><\/div>\n\t\t\t\t<\/div>\n\t\t\t\t\t\t\t<div class=\"elementor-toggle-item\">\n\t\t\t\t\t<div id=\"elementor-tab-title-1662\" class=\"elementor-tab-title\" data-tab=\"2\" role=\"button\" aria-controls=\"elementor-tab-content-1662\" aria-expanded=\"false\">\n\t\t\t\t\t\t\t\t\t\t\t\t<span class=\"elementor-toggle-icon elementor-toggle-icon-left\" aria-hidden=\"true\">\n\t\t\t\t\t\t\t\t\t\t\t\t\t\t\t<span class=\"elementor-toggle-icon-closed\"><i class=\"fas fa-caret-right\"><\/i><\/span>\n\t\t\t\t\t\t\t\t<span class=\"elementor-toggle-icon-opened\"><i class=\"elementor-toggle-icon-opened fas fa-caret-up\"><\/i><\/span>\n\t\t\t\t\t\t\t\t\t\t\t\t\t<\/span>\n\t\t\t\t\t\t\t\t\t\t\t\t<a class=\"elementor-toggle-title\" tabindex=\"0\">C\u00c9PAGES<\/a>\n\t\t\t\t\t<\/div>\n\n\t\t\t\t\t<div id=\"elementor-tab-content-1662\" class=\"elementor-tab-content elementor-clearfix\" data-tab=\"2\" role=\"region\" aria-labelledby=\"elementor-tab-title-1662\"><div id=\"Product-content-grape-varieties-6808476123336-6808476123336\" class=\"collapsible-content collapsible-content--all is-open\"><div class=\"collapsible-content__inner rte\"><div id=\"Product-content-grape-varieties-3-6808475795656-6808475795656\" class=\"collapsible-content collapsible-content--all is-open\"><div class=\"collapsible-content__inner rte\"><div id=\"Product-content-grape-varieties-2-6886250119368-6886250119368\" class=\"collapsible-content collapsible-content--all is-open\"><div class=\"collapsible-content__inner rte\"><p>Grenache, Cinsault.<\/p><\/div><\/div><\/div><\/div><\/div><\/div><\/div>\n\t\t\t\t<\/div>\n\t\t\t\t\t\t\t<div class=\"elementor-toggle-item\">\n\t\t\t\t\t<div id=\"elementor-tab-title-1663\" class=\"elementor-tab-title\" data-tab=\"3\" role=\"button\" aria-controls=\"elementor-tab-content-1663\" aria-expanded=\"false\">\n\t\t\t\t\t\t\t\t\t\t\t\t<span class=\"elementor-toggle-icon elementor-toggle-icon-left\" aria-hidden=\"true\">\n\t\t\t\t\t\t\t\t\t\t\t\t\t\t\t<span class=\"elementor-toggle-icon-closed\"><i class=\"fas fa-caret-right\"><\/i><\/span>\n\t\t\t\t\t\t\t\t<span class=\"elementor-toggle-icon-opened\"><i class=\"elementor-toggle-icon-opened fas fa-caret-up\"><\/i><\/span>\n\t\t\t\t\t\t\t\t\t\t\t\t\t<\/span>\n\t\t\t\t\t\t\t\t\t\t\t\t<a class=\"elementor-toggle-title\" tabindex=\"0\">SUGGESTIONS DE REPAS<\/a>\n\t\t\t\t\t<\/div>\n\n\t\t\t\t\t<div id=\"elementor-tab-content-1663\" class=\"elementor-tab-content elementor-clearfix\" data-tab=\"3\" role=\"region\" aria-labelledby=\"elementor-tab-title-1663\"><div class=\"collapsibles-wrapper collapsibles-wrapper--border-bottom\"><div id=\"Product-content-meal-suggestion-6808476123336-6808476123336\" class=\"collapsible-content collapsible-content--all is-open\"><div class=\"collapsible-content__inner rte\"><div class=\"collapsibles-wrapper collapsibles-wrapper--border-bottom\"><div id=\"Product-content-meal-suggestion-2-6808475795656-6808475795656\" class=\"collapsible-content collapsible-content--all is-open\"><div class=\"collapsible-content__inner rte\"><div class=\"collapsibles-wrapper collapsibles-wrapper--border-bottom\"><div id=\"Product-content-meal-suggestion-9-6886250119368-6886250119368\" class=\"collapsible-content collapsible-content--all is-open\"><div class=\"collapsible-content__inner rte\"><div class=\"span4 widget-span widget-type-custom_widget dnd_area-module-5-padding dnd-module dnd_area-module-5-vertical-alignment\" data-widget-type=\"custom_widget\" data-x=\"4\" data-w=\"4\"><div id=\"hs_cos_wrapper_dnd_area-module-5\" class=\"hs_cos_wrapper hs_cos_wrapper_widget hs_cos_wrapper_type_module widget-type-rich_text\" data-hs-cos-general-type=\"widget\" data-hs-cos-type=\"module\"><main class=\"body-container-wrapper\"><div class=\"container-fluid body-container body-container--about\"><div class=\"row-fluid-wrapper\"><div class=\"row-fluid\"><div class=\"span12 widget-span widget-type-cell \" data-widget-type=\"cell\" data-x=\"0\" data-w=\"12\"><div class=\"row-fluid-wrapper row-depth-1 row-number-4 dnd_area-row-2-padding dnd-section dnd_area-row-2-vertical-alignment\"><div class=\"row-fluid \"><div class=\"span8 widget-span widget-type-custom_widget dnd_area-module-3-padding dnd-module dnd_area-module-3-vertical-alignment\" data-widget-type=\"custom_widget\" data-x=\"4\" data-w=\"8\"><div id=\"hs_cos_wrapper_dnd_area-module-3\" class=\"hs_cos_wrapper hs_cos_wrapper_widget hs_cos_wrapper_type_module widget-type-rich_text\" data-hs-cos-general-type=\"widget\" data-hs-cos-type=\"module\"><p>Ap\u00e9ritif, salades, poulet grill\u00e9.<\/p><\/div><\/div><\/div><\/div><\/div><\/div><\/div><\/div><\/main><\/div><\/div><\/div><\/div><\/div><\/div><\/div><\/div><\/div><\/div><\/div><\/div>\n\t\t\t\t<\/div>\n\t\t\t\t\t\t\t\t<\/div>\n\t\t\t\t\t\t<\/div>\n\t\t\t\t<\/div>\n\t\t\t\t\t<\/div>\n\t\t<\/div>\n\t\t\t\t\t<\/div>\n\t\t<\/section>\n\t\t\t\t<section class=\"elementor-section elementor-top-section elementor-element elementor-element-0c3a46a elementor-section-boxed elementor-section-height-default elementor-section-height-default\" data-id=\"0c3a46a\" data-element_type=\"section\" data-e-type=\"section\" data-settings=\"{&quot;_ha_eqh_enable&quot;:false}\">\n\t\t\t\t\t\t<div class=\"elementor-container elementor-column-gap-default\">\n\t\t\t\t\t<div class=\"elementor-column elementor-col-100 elementor-top-column elementor-element elementor-element-3fca44a\" data-id=\"3fca44a\" data-element_type=\"column\" data-e-type=\"column\">\n\t\t\t<div class=\"elementor-widget-wrap elementor-element-populated\">\n\t\t\t\t\t\t<div class=\"elementor-element elementor-element-9c84555 elementor-widget elementor-widget-text-editor\" data-id=\"9c84555\" data-element_type=\"widget\" data-e-type=\"widget\" data-widget_type=\"text-editor.default\">\n\t\t\t\t<div class=\"elementor-widget-container\">\n\t\t\t\t\t\t\t\t\t<p>De la <a href=\"https:\/\/faulknerwine.com\/fr\/saint-julian\/nos-vins\/\">collection Saint Julian<\/a><\/p>\t\t\t\t\t\t\t\t<\/div>\n\t\t\t\t<\/div>\n\t\t\t\t\t<\/div>\n\t\t<\/div>\n\t\t\t\t\t<\/div>\n\t\t<\/section>\n\t\t\t\t<\/div>\n\t\t","protected":false},"excerpt":{"rendered":"<p>SAINT JULIAN IGP M\u00e9diterran\u00e9e Une rose rose saumon clair. Le nez est agr\u00e9able et simple, avec des ar\u00f4mes de fraise et une touche de min\u00e9ralit\u00e9. L&rsquo;\u00e9quilibre est sur la fra\u00eecheur, une expression fruit\u00e9e et une finale poivr\u00e9e. Un vin simple et frais. CLIMAT Apr\u00e8s une ann\u00e9e historiquement s\u00e8che, 2018 a \u00e9t\u00e9 marqu\u00e9e par de longues [&hellip;]<\/p>\n","protected":false},"author":2,"featured_media":0,"parent":7281,"menu_order":0,"comment_status":"closed","ping_status":"closed","template":"","meta":{"om_disable_all_campaigns":false,"footnotes":""},"class_list":["post-7703","page","type-page","status-publish","hentry"],"_links":{"self":[{"href":"https:\/\/faulknerwine.com\/fr\/wp-json\/wp\/v2\/pages\/7703","targetHints":{"allow":["GET"]}}],"collection":[{"href":"https:\/\/faulknerwine.com\/fr\/wp-json\/wp\/v2\/pages"}],"about":[{"href":"https:\/\/faulknerwine.com\/fr\/wp-json\/wp\/v2\/types\/page"}],"author":[{"embeddable":true,"href":"https:\/\/faulknerwine.com\/fr\/wp-json\/wp\/v2\/users\/2"}],"replies":[{"embeddable":true,"href":"https:\/\/faulknerwine.com\/fr\/wp-json\/wp\/v2\/comments?post=7703"}],"version-history":[{"count":0,"href":"https:\/\/faulknerwine.com\/fr\/wp-json\/wp\/v2\/pages\/7703\/revisions"}],"up":[{"embeddable":true,"href":"https:\/\/faulknerwine.com\/fr\/wp-json\/wp\/v2\/pages\/7281"}],"wp:attachment":[{"href":"https:\/\/faulknerwine.com\/fr\/wp-json\/wp\/v2\/media?parent=7703"}],"curies":[{"name":"wp","href":"https:\/\/api.w.org\/{rel}","templated":true}]}}